{"id":1991,"date":"2020-02-13T14:38:27","date_gmt":"2020-02-13T11:38:27","guid":{"rendered":"https:\/\/www.apollobeach.gr\/the-resort\/"},"modified":"2020-06-17T13:42:33","modified_gmt":"2020-06-17T10:42:33","slug":"the-resort","status":"publish","type":"page","link":"https:\/\/www.apollobeach.gr\/de\/the-resort\/","title":{"rendered":"Das Resort"},"content":{"rendered":"<p>Ein bezaubernder Sandstrand und das geheimnisvolle Blau der \u00c4g\u00e4is sind hier die Schl\u00fcsselelemente f\u00fcr einen wirklich unvergesslichen Aufenthalt auf der Insel von Rhodos. Lebhaft und pulsierend, unser 4-Sterne-Strandhotel auf Rhodos ist von bl\u00fchenden G\u00e4rten umgeben und bildet die fantastischste Kulisse f\u00fcr Ihre Entspannung und Ihr Vergn\u00fcgen.<\/p>\n<p>Wenn Sie nach einem gem\u00fctlichen, sonnigen Urlaub an einem der Top-Str\u00e4nde von Rhodos suchen, dann brauchen Sie eigentlich kaum weiterzusuchen. Wenn Sie auf der Suche nach einer gro\u00dfartigen Umgebung mit Einrichtungen sind, in der Sie Ihre Zeit sinnvoll verbingen k\u00f6nnen, dann sind Sie bei uns genau richtig. Unser Hotel bietet unseren G\u00e4sten ein breites Spektrum von Erlebnissen, ob Sie mit Familie, als Paar, mit Freunden oder auch alleine im Urlaub sind. Gro\u00dfartiges Essen, glitzernde Swimmingpools f\u00fcr Erwachsene und f\u00fcr Kinder, ein Spielplatz, ein vollst\u00e4ndig ausgestattetes Fitnessstudio und Freifl\u00e4chen f\u00fcr Outdoor-Sportarten, Wassersportarten am Strand, Themenabende und Unterhaltungsm\u00f6glichkeiten f\u00fcr jedes Alter sind nur ein Teil des Vergn\u00fcgens, das wir Ihnen anbieten k\u00f6nnen.<\/p>\n<p>Unser Ziel ist es, Ihnen das Allerbeste der griechischen Gastfreundlichkeit zu zeigen, deswegen wird Ihr Empfang hier warm sein, da bei uns jeder Gast als Familienmitglied behandelt wird. Herzliche und freundliche Bereitschaft ist f\u00fcr uns so gut wie selbstverst\u00e4ndlich. Au\u00dferdem haben unsere G\u00e4ste den zus\u00e4tzlichen Vorteil, unser Schwesterhotel nebenan zu besuchen, um in wohltuende Spa-Behandlungen mit Apivita Naturprodukten einzutauchen und jene Momente der absoluten Ruhe und Entspannung zu genie\u00dfen.<\/p>\n","protected":false},"excerpt":{"rendered":"<p>Ein bezaubernder Sandstrand und das geheimnisvolle Blau der \u00c4g\u00e4is sind hier die Schl\u00fcsselelemente f\u00fcr einen wirklich unvergesslichen Aufenthalt auf der Insel von Rhodos. Lebhaft und<\/p>\n","protected":false},"author":2,"featured_media":1993,"parent":0,"menu_order":0,"comment_status":"closed","ping_status":"closed","template":"","meta":{"_acf_changed":false,"footnotes":""},"class_list":["post-1991","page","type-page","status-publish","has-post-thumbnail","hentry"],"acf":[],"yoast_head":"<!-- This site is optimized with the Yoast SEO plugin v27.5 - https:\/\/yoast.com\/product\/yoast-seo-wordpress\/ -->\n<title>Das Resort - Apollo Beach Hotel<\/title>\n<meta name=\"robots\" content=\"index, follow, max-snippet:-1, max-image-preview:large, max-video-preview:-1\" \/>\n<link rel=\"canonical\" href=\"https:\/\/www.apollobeach.gr\/de\/the-resort\/\" \/>\n<meta property=\"og:locale\" content=\"de_DE\" \/>\n<meta property=\"og:type\" content=\"article\" \/>\n<meta property=\"og:title\" content=\"Das Resort - Apollo Beach Hotel\" \/>\n<meta property=\"og:description\" content=\"Ein bezaubernder Sandstrand und das geheimnisvolle Blau der \u00c4g\u00e4is sind hier die Schl\u00fcsselelemente f\u00fcr einen wirklich unvergesslichen Aufenthalt auf der Insel von Rhodos. Lebhaft und\" \/>\n<meta property=\"og:url\" content=\"https:\/\/www.apollobeach.gr\/de\/the-resort\/\" \/>\n<meta property=\"og:site_name\" content=\"Apollo Beach Hotel\" \/>\n<meta property=\"article:modified_time\" content=\"2020-06-17T10:42:33+00:00\" \/>\n<meta property=\"og:image\" content=\"https:\/\/www.apollobeach.gr\/app\/uploads\/sites\/51\/2020\/05\/dji_0755_resized.jpg\" \/>\n\t<meta property=\"og:image:width\" content=\"1920\" \/>\n\t<meta property=\"og:image:height\" content=\"1079\" \/>\n\t<meta property=\"og:image:type\" content=\"image\/jpeg\" \/>\n<meta name=\"twitter:card\" content=\"summary_large_image\" \/>\n<meta name=\"twitter:label1\" content=\"Gesch\u00e4tzte Lesezeit\" \/>\n\t<meta name=\"twitter:data1\" content=\"1\u00a0Minute\" \/>\n<script type=\"application\/ld+json\" class=\"yoast-schema-graph\">{\"@context\":\"https:\\\/\\\/schema.org\",\"@graph\":[{\"@type\":\"WebPage\",\"@id\":\"https:\\\/\\\/www.apollobeach.gr\\\/de\\\/the-resort\\\/\",\"url\":\"https:\\\/\\\/www.apollobeach.gr\\\/de\\\/the-resort\\\/\",\"name\":\"Das Resort - Apollo Beach Hotel\",\"isPartOf\":{\"@id\":\"https:\\\/\\\/www.apollobeach.gr\\\/de\\\/#website\"},\"primaryImageOfPage\":{\"@id\":\"https:\\\/\\\/www.apollobeach.gr\\\/de\\\/the-resort\\\/#primaryimage\"},\"image\":{\"@id\":\"https:\\\/\\\/www.apollobeach.gr\\\/de\\\/the-resort\\\/#primaryimage\"},\"thumbnailUrl\":\"https:\\\/\\\/www.apollobeach.gr\\\/app\\\/uploads\\\/sites\\\/51\\\/2020\\\/05\\\/dji_0755_resized.jpg\",\"datePublished\":\"2020-02-13T11:38:27+00:00\",\"dateModified\":\"2020-06-17T10:42:33+00:00\",\"breadcrumb\":{\"@id\":\"https:\\\/\\\/www.apollobeach.gr\\\/de\\\/the-resort\\\/#breadcrumb\"},\"inLanguage\":\"de\",\"potentialAction\":[{\"@type\":\"ReadAction\",\"target\":[\"https:\\\/\\\/www.apollobeach.gr\\\/de\\\/the-resort\\\/\"]}]},{\"@type\":\"ImageObject\",\"inLanguage\":\"de\",\"@id\":\"https:\\\/\\\/www.apollobeach.gr\\\/de\\\/the-resort\\\/#primaryimage\",\"url\":\"https:\\\/\\\/www.apollobeach.gr\\\/app\\\/uploads\\\/sites\\\/51\\\/2020\\\/05\\\/dji_0755_resized.jpg\",\"contentUrl\":\"https:\\\/\\\/www.apollobeach.gr\\\/app\\\/uploads\\\/sites\\\/51\\\/2020\\\/05\\\/dji_0755_resized.jpg\",\"width\":1920,\"height\":1079},{\"@type\":\"BreadcrumbList\",\"@id\":\"https:\\\/\\\/www.apollobeach.gr\\\/de\\\/the-resort\\\/#breadcrumb\",\"itemListElement\":[{\"@type\":\"ListItem\",\"position\":1,\"name\":\"Home\",\"item\":\"https:\\\/\\\/www.apollobeach.gr\\\/de\\\/\"},{\"@type\":\"ListItem\",\"position\":2,\"name\":\"Checken Sie in die sonnige Seite des Lebens ein.\"}]},{\"@type\":\"WebSite\",\"@id\":\"https:\\\/\\\/www.apollobeach.gr\\\/de\\\/#website\",\"url\":\"https:\\\/\\\/www.apollobeach.gr\\\/de\\\/\",\"name\":\"Apollo Beach Hotel\",\"description\":\"Apollo Beach Hotel\",\"potentialAction\":[{\"@type\":\"SearchAction\",\"target\":{\"@type\":\"EntryPoint\",\"urlTemplate\":\"https:\\\/\\\/www.apollobeach.gr\\\/de\\\/?s={search_term_string}\"},\"query-input\":{\"@type\":\"PropertyValueSpecification\",\"valueRequired\":true,\"valueName\":\"search_term_string\"}}],\"inLanguage\":\"de\"}]}<\/script>\n<!-- \/ Yoast SEO plugin. -->","yoast_head_json":{"title":"Das Resort - Apollo Beach Hotel","robots":{"index":"index","follow":"follow","max-snippet":"max-snippet:-1","max-image-preview":"max-image-preview:large","max-video-preview":"max-video-preview:-1"},"canonical":"https:\/\/www.apollobeach.gr\/de\/the-resort\/","og_locale":"de_DE","og_type":"article","og_title":"Das Resort - Apollo Beach Hotel","og_description":"Ein bezaubernder Sandstrand und das geheimnisvolle Blau der \u00c4g\u00e4is sind hier die Schl\u00fcsselelemente f\u00fcr einen wirklich unvergesslichen Aufenthalt auf der Insel von Rhodos. Lebhaft und","og_url":"https:\/\/www.apollobeach.gr\/de\/the-resort\/","og_site_name":"Apollo Beach Hotel","article_modified_time":"2020-06-17T10:42:33+00:00","og_image":[{"width":1920,"height":1079,"url":"https:\/\/www.apollobeach.gr\/app\/uploads\/sites\/51\/2020\/05\/dji_0755_resized.jpg","type":"image\/jpeg"}],"twitter_card":"summary_large_image","twitter_misc":{"Gesch\u00e4tzte Lesezeit":"1\u00a0Minute"},"schema":{"@context":"https:\/\/schema.org","@graph":[{"@type":"WebPage","@id":"https:\/\/www.apollobeach.gr\/de\/the-resort\/","url":"https:\/\/www.apollobeach.gr\/de\/the-resort\/","name":"Das Resort - Apollo Beach Hotel","isPartOf":{"@id":"https:\/\/www.apollobeach.gr\/de\/#website"},"primaryImageOfPage":{"@id":"https:\/\/www.apollobeach.gr\/de\/the-resort\/#primaryimage"},"image":{"@id":"https:\/\/www.apollobeach.gr\/de\/the-resort\/#primaryimage"},"thumbnailUrl":"https:\/\/www.apollobeach.gr\/app\/uploads\/sites\/51\/2020\/05\/dji_0755_resized.jpg","datePublished":"2020-02-13T11:38:27+00:00","dateModified":"2020-06-17T10:42:33+00:00","breadcrumb":{"@id":"https:\/\/www.apollobeach.gr\/de\/the-resort\/#breadcrumb"},"inLanguage":"de","potentialAction":[{"@type":"ReadAction","target":["https:\/\/www.apollobeach.gr\/de\/the-resort\/"]}]},{"@type":"ImageObject","inLanguage":"de","@id":"https:\/\/www.apollobeach.gr\/de\/the-resort\/#primaryimage","url":"https:\/\/www.apollobeach.gr\/app\/uploads\/sites\/51\/2020\/05\/dji_0755_resized.jpg","contentUrl":"https:\/\/www.apollobeach.gr\/app\/uploads\/sites\/51\/2020\/05\/dji_0755_resized.jpg","width":1920,"height":1079},{"@type":"BreadcrumbList","@id":"https:\/\/www.apollobeach.gr\/de\/the-resort\/#breadcrumb","itemListElement":[{"@type":"ListItem","position":1,"name":"Home","item":"https:\/\/www.apollobeach.gr\/de\/"},{"@type":"ListItem","position":2,"name":"Checken Sie in die sonnige Seite des Lebens ein."}]},{"@type":"WebSite","@id":"https:\/\/www.apollobeach.gr\/de\/#website","url":"https:\/\/www.apollobeach.gr\/de\/","name":"Apollo Beach Hotel","description":"Apollo Beach Hotel","potentialAction":[{"@type":"SearchAction","target":{"@type":"EntryPoint","urlTemplate":"https:\/\/www.apollobeach.gr\/de\/?s={search_term_string}"},"query-input":{"@type":"PropertyValueSpecification","valueRequired":true,"valueName":"search_term_string"}}],"inLanguage":"de"}]}},"_links":{"self":[{"href":"https:\/\/www.apollobeach.gr\/de\/wp-json\/wp\/v2\/pages\/1991","targetHints":{"allow":["GET"]}}],"collection":[{"href":"https:\/\/www.apollobeach.gr\/de\/wp-json\/wp\/v2\/pages"}],"about":[{"href":"https:\/\/www.apollobeach.gr\/de\/wp-json\/wp\/v2\/types\/page"}],"author":[{"embeddable":true,"href":"https:\/\/www.apollobeach.gr\/de\/wp-json\/wp\/v2\/users\/2"}],"replies":[{"embeddable":true,"href":"https:\/\/www.apollobeach.gr\/de\/wp-json\/wp\/v2\/comments?post=1991"}],"version-history":[{"count":2,"href":"https:\/\/www.apollobeach.gr\/de\/wp-json\/wp\/v2\/pages\/1991\/revisions"}],"predecessor-version":[{"id":1995,"href":"https:\/\/www.apollobeach.gr\/de\/wp-json\/wp\/v2\/pages\/1991\/revisions\/1995"}],"wp:featuredmedia":[{"embeddable":true,"href":"https:\/\/www.apollobeach.gr\/de\/wp-json\/wp\/v2\/media\/1993"}],"wp:attachment":[{"href":"https:\/\/www.apollobeach.gr\/de\/wp-json\/wp\/v2\/media?parent=1991"}],"curies":[{"name":"wp","href":"https:\/\/api.w.org\/{rel}","templated":true}]}}