{"id":1988,"date":"2020-02-13T14:38:27","date_gmt":"2020-02-13T11:38:27","guid":{"rendered":"https:\/\/www.apollobeach.gr\/experiences\/"},"modified":"2020-06-17T13:38:06","modified_gmt":"2020-06-17T10:38:06","slug":"experiences","status":"publish","type":"page","link":"https:\/\/www.apollobeach.gr\/de\/experiences\/","title":{"rendered":"Das Apollo Erlebnis"},"content":{"rendered":"<p>Entdecken Sie die helle, sonnige Seite des Lebens, wo jeder einzelne Moment mit all den himmlischen Geschenken der Sonne \u00fcberh\u00e4uft wird. Das erfrischende Gef\u00fchl des kristallklaren Wassers und die W\u00e4rme der hervorragenden Dienstleistungen schenken Ihnen Gem\u00fctlichkeit, Bequemlichkeit und Zufriedenheit. Machen Sie eine Pause, um die sinnbringenden Dinge im Leben zu bewundern, und lassen Sie sich von einem innigen Gef\u00fchl von Zugeh\u00f6rigkeit erf\u00fcllen und von fr\u00fch bis sp\u00e4t inspirieren.<\/p>\n","protected":false},"excerpt":{"rendered":"<p>Entdecken Sie die helle, sonnige Seite des Lebens, wo jeder einzelne Moment mit all den himmlischen Geschenken der Sonne \u00fcberh\u00e4uft wird. Das erfrischende Gef\u00fchl des<\/p>\n","protected":false},"author":2,"featured_media":2835,"parent":0,"menu_order":0,"comment_status":"closed","ping_status":"closed","template":"page-templates\/simple-list.php","meta":{"_acf_changed":false,"footnotes":""},"class_list":["post-1988","page","type-page","status-publish","has-post-thumbnail","hentry"],"acf":[],"yoast_head":"<!-- This site is optimized with the Yoast SEO plugin v27.5 - https:\/\/yoast.com\/product\/yoast-seo-wordpress\/ -->\n<title>Das Apollo Erlebnis - Apollo Beach Hotel<\/title>\n<meta name=\"robots\" content=\"index, follow, max-snippet:-1, max-image-preview:large, max-video-preview:-1\" \/>\n<link rel=\"canonical\" href=\"https:\/\/www.apollobeach.gr\/de\/experiences\/\" \/>\n<meta property=\"og:locale\" content=\"de_DE\" \/>\n<meta property=\"og:type\" content=\"article\" \/>\n<meta property=\"og:title\" content=\"Das Apollo Erlebnis - Apollo Beach Hotel\" \/>\n<meta property=\"og:description\" content=\"Entdecken Sie die helle, sonnige Seite des Lebens, wo jeder einzelne Moment mit all den himmlischen Geschenken der Sonne \u00fcberh\u00e4uft wird. Das erfrischende Gef\u00fchl des\" \/>\n<meta property=\"og:url\" content=\"https:\/\/www.apollobeach.gr\/de\/experiences\/\" \/>\n<meta property=\"og:site_name\" content=\"Apollo Beach Hotel\" \/>\n<meta property=\"article:modified_time\" content=\"2020-06-17T10:38:06+00:00\" \/>\n<meta property=\"og:image\" content=\"https:\/\/www.apollobeach.gr\/app\/uploads\/sites\/51\/2020\/08\/Apollo-Beach109-900x600.jpg\" \/>\n\t<meta property=\"og:image:width\" content=\"900\" \/>\n\t<meta property=\"og:image:height\" content=\"600\" \/>\n\t<meta property=\"og:image:type\" content=\"image\/jpeg\" \/>\n<meta name=\"twitter:card\" content=\"summary_large_image\" \/>\n<script type=\"application\/ld+json\" class=\"yoast-schema-graph\">{\"@context\":\"https:\\\/\\\/schema.org\",\"@graph\":[{\"@type\":\"WebPage\",\"@id\":\"https:\\\/\\\/www.apollobeach.gr\\\/de\\\/experiences\\\/\",\"url\":\"https:\\\/\\\/www.apollobeach.gr\\\/de\\\/experiences\\\/\",\"name\":\"Das Apollo Erlebnis - Apollo Beach Hotel\",\"isPartOf\":{\"@id\":\"https:\\\/\\\/www.apollobeach.gr\\\/de\\\/#website\"},\"primaryImageOfPage\":{\"@id\":\"https:\\\/\\\/www.apollobeach.gr\\\/de\\\/experiences\\\/#primaryimage\"},\"image\":{\"@id\":\"https:\\\/\\\/www.apollobeach.gr\\\/de\\\/experiences\\\/#primaryimage\"},\"thumbnailUrl\":\"https:\\\/\\\/www.apollobeach.gr\\\/app\\\/uploads\\\/sites\\\/51\\\/2020\\\/08\\\/Apollo-Beach109.jpg\",\"datePublished\":\"2020-02-13T11:38:27+00:00\",\"dateModified\":\"2020-06-17T10:38:06+00:00\",\"breadcrumb\":{\"@id\":\"https:\\\/\\\/www.apollobeach.gr\\\/de\\\/experiences\\\/#breadcrumb\"},\"inLanguage\":\"de\",\"potentialAction\":[{\"@type\":\"ReadAction\",\"target\":[\"https:\\\/\\\/www.apollobeach.gr\\\/de\\\/experiences\\\/\"]}]},{\"@type\":\"ImageObject\",\"inLanguage\":\"de\",\"@id\":\"https:\\\/\\\/www.apollobeach.gr\\\/de\\\/experiences\\\/#primaryimage\",\"url\":\"https:\\\/\\\/www.apollobeach.gr\\\/app\\\/uploads\\\/sites\\\/51\\\/2020\\\/08\\\/Apollo-Beach109.jpg\",\"contentUrl\":\"https:\\\/\\\/www.apollobeach.gr\\\/app\\\/uploads\\\/sites\\\/51\\\/2020\\\/08\\\/Apollo-Beach109.jpg\",\"width\":1920,\"height\":1280},{\"@type\":\"BreadcrumbList\",\"@id\":\"https:\\\/\\\/www.apollobeach.gr\\\/de\\\/experiences\\\/#breadcrumb\",\"itemListElement\":[{\"@type\":\"ListItem\",\"position\":1,\"name\":\"Home\",\"item\":\"https:\\\/\\\/www.apollobeach.gr\\\/de\\\/\"},{\"@type\":\"ListItem\",\"position\":2,\"name\":\"Das Apollo Erlebnis\"}]},{\"@type\":\"WebSite\",\"@id\":\"https:\\\/\\\/www.apollobeach.gr\\\/de\\\/#website\",\"url\":\"https:\\\/\\\/www.apollobeach.gr\\\/de\\\/\",\"name\":\"Apollo Beach Hotel\",\"description\":\"Apollo Beach Hotel\",\"potentialAction\":[{\"@type\":\"SearchAction\",\"target\":{\"@type\":\"EntryPoint\",\"urlTemplate\":\"https:\\\/\\\/www.apollobeach.gr\\\/de\\\/?s={search_term_string}\"},\"query-input\":{\"@type\":\"PropertyValueSpecification\",\"valueRequired\":true,\"valueName\":\"search_term_string\"}}],\"inLanguage\":\"de\"}]}<\/script>\n<!-- \/ Yoast SEO plugin. -->","yoast_head_json":{"title":"Das Apollo Erlebnis - Apollo Beach Hotel","robots":{"index":"index","follow":"follow","max-snippet":"max-snippet:-1","max-image-preview":"max-image-preview:large","max-video-preview":"max-video-preview:-1"},"canonical":"https:\/\/www.apollobeach.gr\/de\/experiences\/","og_locale":"de_DE","og_type":"article","og_title":"Das Apollo Erlebnis - Apollo Beach Hotel","og_description":"Entdecken Sie die helle, sonnige Seite des Lebens, wo jeder einzelne Moment mit all den himmlischen Geschenken der Sonne \u00fcberh\u00e4uft wird. Das erfrischende Gef\u00fchl des","og_url":"https:\/\/www.apollobeach.gr\/de\/experiences\/","og_site_name":"Apollo Beach Hotel","article_modified_time":"2020-06-17T10:38:06+00:00","og_image":[{"width":900,"height":600,"url":"https:\/\/www.apollobeach.gr\/app\/uploads\/sites\/51\/2020\/08\/Apollo-Beach109-900x600.jpg","type":"image\/jpeg"}],"twitter_card":"summary_large_image","schema":{"@context":"https:\/\/schema.org","@graph":[{"@type":"WebPage","@id":"https:\/\/www.apollobeach.gr\/de\/experiences\/","url":"https:\/\/www.apollobeach.gr\/de\/experiences\/","name":"Das Apollo Erlebnis - Apollo Beach Hotel","isPartOf":{"@id":"https:\/\/www.apollobeach.gr\/de\/#website"},"primaryImageOfPage":{"@id":"https:\/\/www.apollobeach.gr\/de\/experiences\/#primaryimage"},"image":{"@id":"https:\/\/www.apollobeach.gr\/de\/experiences\/#primaryimage"},"thumbnailUrl":"https:\/\/www.apollobeach.gr\/app\/uploads\/sites\/51\/2020\/08\/Apollo-Beach109.jpg","datePublished":"2020-02-13T11:38:27+00:00","dateModified":"2020-06-17T10:38:06+00:00","breadcrumb":{"@id":"https:\/\/www.apollobeach.gr\/de\/experiences\/#breadcrumb"},"inLanguage":"de","potentialAction":[{"@type":"ReadAction","target":["https:\/\/www.apollobeach.gr\/de\/experiences\/"]}]},{"@type":"ImageObject","inLanguage":"de","@id":"https:\/\/www.apollobeach.gr\/de\/experiences\/#primaryimage","url":"https:\/\/www.apollobeach.gr\/app\/uploads\/sites\/51\/2020\/08\/Apollo-Beach109.jpg","contentUrl":"https:\/\/www.apollobeach.gr\/app\/uploads\/sites\/51\/2020\/08\/Apollo-Beach109.jpg","width":1920,"height":1280},{"@type":"BreadcrumbList","@id":"https:\/\/www.apollobeach.gr\/de\/experiences\/#breadcrumb","itemListElement":[{"@type":"ListItem","position":1,"name":"Home","item":"https:\/\/www.apollobeach.gr\/de\/"},{"@type":"ListItem","position":2,"name":"Das Apollo Erlebnis"}]},{"@type":"WebSite","@id":"https:\/\/www.apollobeach.gr\/de\/#website","url":"https:\/\/www.apollobeach.gr\/de\/","name":"Apollo Beach Hotel","description":"Apollo Beach Hotel","potentialAction":[{"@type":"SearchAction","target":{"@type":"EntryPoint","urlTemplate":"https:\/\/www.apollobeach.gr\/de\/?s={search_term_string}"},"query-input":{"@type":"PropertyValueSpecification","valueRequired":true,"valueName":"search_term_string"}}],"inLanguage":"de"}]}},"_links":{"self":[{"href":"https:\/\/www.apollobeach.gr\/de\/wp-json\/wp\/v2\/pages\/1988","targetHints":{"allow":["GET"]}}],"collection":[{"href":"https:\/\/www.apollobeach.gr\/de\/wp-json\/wp\/v2\/pages"}],"about":[{"href":"https:\/\/www.apollobeach.gr\/de\/wp-json\/wp\/v2\/types\/page"}],"author":[{"embeddable":true,"href":"https:\/\/www.apollobeach.gr\/de\/wp-json\/wp\/v2\/users\/2"}],"replies":[{"embeddable":true,"href":"https:\/\/www.apollobeach.gr\/de\/wp-json\/wp\/v2\/comments?post=1988"}],"version-history":[{"count":2,"href":"https:\/\/www.apollobeach.gr\/de\/wp-json\/wp\/v2\/pages\/1988\/revisions"}],"predecessor-version":[{"id":1990,"href":"https:\/\/www.apollobeach.gr\/de\/wp-json\/wp\/v2\/pages\/1988\/revisions\/1990"}],"wp:featuredmedia":[{"embeddable":true,"href":"https:\/\/www.apollobeach.gr\/de\/wp-json\/wp\/v2\/media\/2835"}],"wp:attachment":[{"href":"https:\/\/www.apollobeach.gr\/de\/wp-json\/wp\/v2\/media?parent=1988"}],"curies":[{"name":"wp","href":"https:\/\/api.w.org\/{rel}","templated":true}]}}