{"id":1982,"date":"2020-02-13T14:38:27","date_gmt":"2020-02-13T11:38:27","guid":{"rendered":"https:\/\/www.apollobeach.gr\/offers\/"},"modified":"2026-03-16T11:04:23","modified_gmt":"2026-03-16T08:04:23","slug":"offers","status":"publish","type":"page","link":"https:\/\/www.apollobeach.gr\/de\/offers\/","title":{"rendered":"Angebote"},"content":{"rendered":"<p>Informieren Sie sich unbedingt \u00fcber unsere aktuellen Angebote. So profitieren Sie von besseren\u00a0Preisen und k\u00f6nnen einen Mehrwert f\u00fcr Ihren Aufenthalt bei uns erreichen. Finden Sie das passende Angebot f\u00fcr sich und erzielen das Beste f\u00fcr Ihren Urlaub auf Rhodos.<\/p>\n","protected":false},"excerpt":{"rendered":"<p>Informieren Sie sich unbedingt \u00fcber unsere aktuellen Angebote. So profitieren Sie von besseren\u00a0Preisen und k\u00f6nnen einen Mehrwert f\u00fcr Ihren Aufenthalt bei uns erreichen. Finden Sie<\/p>\n","protected":false},"author":2,"featured_media":1983,"parent":0,"menu_order":0,"comment_status":"closed","ping_status":"closed","template":"page-templates\/simple-list.php","meta":{"_acf_changed":false,"footnotes":""},"class_list":["post-1982","page","type-page","status-publish","has-post-thumbnail","hentry"],"acf":[],"yoast_head":"<!-- This site is optimized with the Yoast SEO plugin v27.3 - https:\/\/yoast.com\/product\/yoast-seo-wordpress\/ -->\n<title>Angebote - Apollo Beach Hotel<\/title>\n<meta name=\"robots\" content=\"index, follow, max-snippet:-1, max-image-preview:large, max-video-preview:-1\" \/>\n<link rel=\"canonical\" href=\"https:\/\/www.apollobeach.gr\/de\/offers\/\" \/>\n<meta property=\"og:locale\" content=\"de_DE\" \/>\n<meta property=\"og:type\" content=\"article\" \/>\n<meta property=\"og:title\" content=\"Angebote - Apollo Beach Hotel\" \/>\n<meta property=\"og:description\" content=\"Informieren Sie sich unbedingt \u00fcber unsere aktuellen Angebote. So profitieren Sie von besseren\u00a0Preisen und k\u00f6nnen einen Mehrwert f\u00fcr Ihren Aufenthalt bei uns erreichen. Finden Sie\" \/>\n<meta property=\"og:url\" content=\"https:\/\/www.apollobeach.gr\/de\/offers\/\" \/>\n<meta property=\"og:site_name\" content=\"Apollo Beach Hotel\" \/>\n<meta property=\"article:modified_time\" content=\"2026-03-16T08:04:23+00:00\" \/>\n<meta property=\"og:image\" content=\"https:\/\/www.apollobeach.gr\/app\/uploads\/sites\/51\/2020\/05\/f2f03194-03ba-4a72-bd66-8c2928881b1d_resized-1.jpeg\" \/>\n\t<meta property=\"og:image:width\" content=\"1797\" \/>\n\t<meta property=\"og:image:height\" content=\"1200\" \/>\n\t<meta property=\"og:image:type\" content=\"image\/jpeg\" \/>\n<meta name=\"twitter:card\" content=\"summary_large_image\" \/>\n<meta name=\"twitter:label1\" content=\"Gesch\u00e4tzte Lesezeit\" \/>\n\t<meta name=\"twitter:data1\" content=\"1\u00a0Minute\" \/>\n<script type=\"application\/ld+json\" class=\"yoast-schema-graph\">{\"@context\":\"https:\\\/\\\/schema.org\",\"@graph\":[{\"@type\":\"WebPage\",\"@id\":\"https:\\\/\\\/www.apollobeach.gr\\\/de\\\/offers\\\/\",\"url\":\"https:\\\/\\\/www.apollobeach.gr\\\/de\\\/offers\\\/\",\"name\":\"Angebote - Apollo Beach Hotel\",\"isPartOf\":{\"@id\":\"https:\\\/\\\/www.apollobeach.gr\\\/de\\\/#website\"},\"primaryImageOfPage\":{\"@id\":\"https:\\\/\\\/www.apollobeach.gr\\\/de\\\/offers\\\/#primaryimage\"},\"image\":{\"@id\":\"https:\\\/\\\/www.apollobeach.gr\\\/de\\\/offers\\\/#primaryimage\"},\"thumbnailUrl\":\"https:\\\/\\\/www.apollobeach.gr\\\/app\\\/uploads\\\/sites\\\/51\\\/2020\\\/05\\\/f2f03194-03ba-4a72-bd66-8c2928881b1d_resized-1.jpeg\",\"datePublished\":\"2020-02-13T11:38:27+00:00\",\"dateModified\":\"2026-03-16T08:04:23+00:00\",\"breadcrumb\":{\"@id\":\"https:\\\/\\\/www.apollobeach.gr\\\/de\\\/offers\\\/#breadcrumb\"},\"inLanguage\":\"de\",\"potentialAction\":[{\"@type\":\"ReadAction\",\"target\":[\"https:\\\/\\\/www.apollobeach.gr\\\/de\\\/offers\\\/\"]}]},{\"@type\":\"ImageObject\",\"inLanguage\":\"de\",\"@id\":\"https:\\\/\\\/www.apollobeach.gr\\\/de\\\/offers\\\/#primaryimage\",\"url\":\"https:\\\/\\\/www.apollobeach.gr\\\/app\\\/uploads\\\/sites\\\/51\\\/2020\\\/05\\\/f2f03194-03ba-4a72-bd66-8c2928881b1d_resized-1.jpeg\",\"contentUrl\":\"https:\\\/\\\/www.apollobeach.gr\\\/app\\\/uploads\\\/sites\\\/51\\\/2020\\\/05\\\/f2f03194-03ba-4a72-bd66-8c2928881b1d_resized-1.jpeg\",\"width\":1797,\"height\":1200},{\"@type\":\"BreadcrumbList\",\"@id\":\"https:\\\/\\\/www.apollobeach.gr\\\/de\\\/offers\\\/#breadcrumb\",\"itemListElement\":[{\"@type\":\"ListItem\",\"position\":1,\"name\":\"Home\",\"item\":\"https:\\\/\\\/www.apollobeach.gr\\\/de\\\/\"},{\"@type\":\"ListItem\",\"position\":2,\"name\":\"Angebote\"}]},{\"@type\":\"WebSite\",\"@id\":\"https:\\\/\\\/www.apollobeach.gr\\\/de\\\/#website\",\"url\":\"https:\\\/\\\/www.apollobeach.gr\\\/de\\\/\",\"name\":\"Apollo Beach Hotel\",\"description\":\"Apollo Beach Hotel\",\"potentialAction\":[{\"@type\":\"SearchAction\",\"target\":{\"@type\":\"EntryPoint\",\"urlTemplate\":\"https:\\\/\\\/www.apollobeach.gr\\\/de\\\/?s={search_term_string}\"},\"query-input\":{\"@type\":\"PropertyValueSpecification\",\"valueRequired\":true,\"valueName\":\"search_term_string\"}}],\"inLanguage\":\"de\"}]}<\/script>\n<!-- \/ Yoast SEO plugin. -->","yoast_head_json":{"title":"Angebote - Apollo Beach Hotel","robots":{"index":"index","follow":"follow","max-snippet":"max-snippet:-1","max-image-preview":"max-image-preview:large","max-video-preview":"max-video-preview:-1"},"canonical":"https:\/\/www.apollobeach.gr\/de\/offers\/","og_locale":"de_DE","og_type":"article","og_title":"Angebote - Apollo Beach Hotel","og_description":"Informieren Sie sich unbedingt \u00fcber unsere aktuellen Angebote. So profitieren Sie von besseren\u00a0Preisen und k\u00f6nnen einen Mehrwert f\u00fcr Ihren Aufenthalt bei uns erreichen. Finden Sie","og_url":"https:\/\/www.apollobeach.gr\/de\/offers\/","og_site_name":"Apollo Beach Hotel","article_modified_time":"2026-03-16T08:04:23+00:00","og_image":[{"width":1797,"height":1200,"url":"https:\/\/www.apollobeach.gr\/app\/uploads\/sites\/51\/2020\/05\/f2f03194-03ba-4a72-bd66-8c2928881b1d_resized-1.jpeg","type":"image\/jpeg"}],"twitter_card":"summary_large_image","twitter_misc":{"Gesch\u00e4tzte Lesezeit":"1\u00a0Minute"},"schema":{"@context":"https:\/\/schema.org","@graph":[{"@type":"WebPage","@id":"https:\/\/www.apollobeach.gr\/de\/offers\/","url":"https:\/\/www.apollobeach.gr\/de\/offers\/","name":"Angebote - Apollo Beach Hotel","isPartOf":{"@id":"https:\/\/www.apollobeach.gr\/de\/#website"},"primaryImageOfPage":{"@id":"https:\/\/www.apollobeach.gr\/de\/offers\/#primaryimage"},"image":{"@id":"https:\/\/www.apollobeach.gr\/de\/offers\/#primaryimage"},"thumbnailUrl":"https:\/\/www.apollobeach.gr\/app\/uploads\/sites\/51\/2020\/05\/f2f03194-03ba-4a72-bd66-8c2928881b1d_resized-1.jpeg","datePublished":"2020-02-13T11:38:27+00:00","dateModified":"2026-03-16T08:04:23+00:00","breadcrumb":{"@id":"https:\/\/www.apollobeach.gr\/de\/offers\/#breadcrumb"},"inLanguage":"de","potentialAction":[{"@type":"ReadAction","target":["https:\/\/www.apollobeach.gr\/de\/offers\/"]}]},{"@type":"ImageObject","inLanguage":"de","@id":"https:\/\/www.apollobeach.gr\/de\/offers\/#primaryimage","url":"https:\/\/www.apollobeach.gr\/app\/uploads\/sites\/51\/2020\/05\/f2f03194-03ba-4a72-bd66-8c2928881b1d_resized-1.jpeg","contentUrl":"https:\/\/www.apollobeach.gr\/app\/uploads\/sites\/51\/2020\/05\/f2f03194-03ba-4a72-bd66-8c2928881b1d_resized-1.jpeg","width":1797,"height":1200},{"@type":"BreadcrumbList","@id":"https:\/\/www.apollobeach.gr\/de\/offers\/#breadcrumb","itemListElement":[{"@type":"ListItem","position":1,"name":"Home","item":"https:\/\/www.apollobeach.gr\/de\/"},{"@type":"ListItem","position":2,"name":"Angebote"}]},{"@type":"WebSite","@id":"https:\/\/www.apollobeach.gr\/de\/#website","url":"https:\/\/www.apollobeach.gr\/de\/","name":"Apollo Beach Hotel","description":"Apollo Beach Hotel","potentialAction":[{"@type":"SearchAction","target":{"@type":"EntryPoint","urlTemplate":"https:\/\/www.apollobeach.gr\/de\/?s={search_term_string}"},"query-input":{"@type":"PropertyValueSpecification","valueRequired":true,"valueName":"search_term_string"}}],"inLanguage":"de"}]}},"_links":{"self":[{"href":"https:\/\/www.apollobeach.gr\/de\/wp-json\/wp\/v2\/pages\/1982","targetHints":{"allow":["GET"]}}],"collection":[{"href":"https:\/\/www.apollobeach.gr\/de\/wp-json\/wp\/v2\/pages"}],"about":[{"href":"https:\/\/www.apollobeach.gr\/de\/wp-json\/wp\/v2\/types\/page"}],"author":[{"embeddable":true,"href":"https:\/\/www.apollobeach.gr\/de\/wp-json\/wp\/v2\/users\/2"}],"replies":[{"embeddable":true,"href":"https:\/\/www.apollobeach.gr\/de\/wp-json\/wp\/v2\/comments?post=1982"}],"version-history":[{"count":13,"href":"https:\/\/www.apollobeach.gr\/de\/wp-json\/wp\/v2\/pages\/1982\/revisions"}],"predecessor-version":[{"id":6220,"href":"https:\/\/www.apollobeach.gr\/de\/wp-json\/wp\/v2\/pages\/1982\/revisions\/6220"}],"wp:featuredmedia":[{"embeddable":true,"href":"https:\/\/www.apollobeach.gr\/de\/wp-json\/wp\/v2\/media\/1983"}],"wp:attachment":[{"href":"https:\/\/www.apollobeach.gr\/de\/wp-json\/wp\/v2\/media?parent=1982"}],"curies":[{"name":"wp","href":"https:\/\/api.w.org\/{rel}","templated":true}]}}