{"id":1976,"date":"2020-03-23T17:45:10","date_gmt":"2020-03-23T14:45:10","guid":{"rendered":"https:\/\/www.apollobeach.gr\/location\/%cf%84he-palace-of-the-grand-masters\/"},"modified":"2020-06-17T13:26:45","modified_gmt":"2020-06-17T10:26:45","slug":"%cf%84he-palace-of-the-grand-masters","status":"publish","type":"page","link":"https:\/\/www.apollobeach.gr\/de\/location\/%cf%84he-palace-of-the-grand-masters\/","title":{"rendered":"Der Gro\u00dfmeisterpalast"},"content":{"rendered":"<p><span style=\"font-family: Arial, serif;\"><span lang=\"de-DE\">Mit seinen enormen gotischen T\u00fcrmen, ist der Palast nur eines unter den vielen historischen Architekturwundern der gro\u00dfartigen <\/span><a href=\"http:\/\/whc.unesco.org\/en\/list\/493\/\"><span style=\"color: #0000ff;\"><span lang=\"de-DE\"><u><b>Mittelalterlichen Altstadt<\/b><\/u><\/span><\/span><\/a><span lang=\"de-DE\">. Er ist ein monumentaler Bau und ein erkl\u00e4rtes <\/span><span lang=\"de-DE\"><b>UNESCO-Weltkulturerbe<\/b><\/span><span lang=\"de-DE\">, bei dem der Einfluss verschiedener Kulturen und Religionen immer noch innerhalb seiner 4 km langen befestigten Mauern lebendig ist. Die Altstadt ist in eine Ober- und Unterstadt gegliedert und das Labyrinth der Gassen bietet einen gro\u00dfz\u00fcgigen Blick in vergangene Zivilisationen an, w\u00e4hrend mehrere Sehensw\u00fcrdigkeiten Sie bestimmt ins Mittelalter und dar\u00fcber hinaus zur\u00fcckversetzen werden. <\/span><\/span><\/p>\n<p><span style=\"font-family: Arial, serif;\"><span lang=\"de-DE\">Zu den Highlights geh\u00f6rt die <\/span><span lang=\"de-DE\"><b>Ritterstra\u00dfe; <\/b><\/span><span lang=\"de-DE\">der <\/span><span lang=\"de-DE\"><b>Uhrenturm<\/b><\/span><span lang=\"de-DE\">, mit seinem atemberaubenden Ausblick auf die \u00c4g\u00e4is, sowie die antiken Statuen, Marmorwappen, Springbrunnen, Moscheen und ein Hammam. Im ehemaligen, aus dem 15. Jahrhundert stammenden <\/span><span lang=\"de-DE\"><b>Hospital der Ritter<\/b><\/span><span lang=\"de-DE\"> untergebracht, hat das <\/span><span lang=\"de-DE\"><b>Arch\u00e4ologische Museum<\/b><\/span><span lang=\"de-DE\"> eine beeindruckende Sammlung von Artefakten vorzuweisen, von denen einige vor kurzem in der Louvre-Ausstellung <\/span><span lang=\"de-DE\"><b>\u201cRhodes: A Greek Island and Gateway to the East\u201d <\/b><\/span><span lang=\"de-DE\">pr\u00e4sentiert wurden.<\/span><\/span><\/p>\n","protected":false},"excerpt":{"rendered":"<p>Mit seinen enormen gotischen T\u00fcrmen, ist der Palast nur eines unter den vielen historischen Architekturwundern der gro\u00dfartigen Mittelalterlichen Altstadt. Er ist ein monumentaler Bau und<\/p>\n","protected":false},"author":1,"featured_media":1977,"parent":1924,"menu_order":0,"comment_status":"closed","ping_status":"closed","template":"","meta":{"_acf_changed":false,"footnotes":""},"class_list":["post-1976","page","type-page","status-publish","has-post-thumbnail","hentry"],"acf":[],"yoast_head":"<!-- This site is optimized with the Yoast SEO plugin v27.3 - https:\/\/yoast.com\/product\/yoast-seo-wordpress\/ -->\n<title>Der Gro\u00dfmeisterpalast - Apollo Beach Hotel<\/title>\n<meta name=\"robots\" content=\"index, follow, max-snippet:-1, max-image-preview:large, max-video-preview:-1\" \/>\n<link rel=\"canonical\" href=\"https:\/\/www.apollobeach.gr\/de\/location\/%cf%84he-palace-of-the-grand-masters\/\" \/>\n<meta property=\"og:locale\" content=\"de_DE\" \/>\n<meta property=\"og:type\" content=\"article\" \/>\n<meta property=\"og:title\" content=\"Der Gro\u00dfmeisterpalast - Apollo Beach Hotel\" \/>\n<meta property=\"og:description\" content=\"Mit seinen enormen gotischen T\u00fcrmen, ist der Palast nur eines unter den vielen historischen Architekturwundern der gro\u00dfartigen Mittelalterlichen Altstadt. Er ist ein monumentaler Bau und\" \/>\n<meta property=\"og:url\" content=\"https:\/\/www.apollobeach.gr\/de\/location\/%cf%84he-palace-of-the-grand-masters\/\" \/>\n<meta property=\"og:site_name\" content=\"Apollo Beach Hotel\" \/>\n<meta property=\"article:modified_time\" content=\"2020-06-17T10:26:45+00:00\" \/>\n<meta property=\"og:image\" content=\"https:\/\/www.apollobeach.gr\/app\/uploads\/sites\/51\/2020\/05\/full_old-town_resized.jpg\" \/>\n\t<meta property=\"og:image:width\" content=\"1920\" \/>\n\t<meta property=\"og:image:height\" content=\"1080\" \/>\n\t<meta property=\"og:image:type\" content=\"image\/jpeg\" \/>\n<meta name=\"twitter:card\" content=\"summary_large_image\" \/>\n<meta name=\"twitter:label1\" content=\"Gesch\u00e4tzte Lesezeit\" \/>\n\t<meta name=\"twitter:data1\" content=\"1\u00a0Minute\" \/>\n<script type=\"application\/ld+json\" class=\"yoast-schema-graph\">{\"@context\":\"https:\\\/\\\/schema.org\",\"@graph\":[{\"@type\":\"WebPage\",\"@id\":\"https:\\\/\\\/www.apollobeach.gr\\\/de\\\/location\\\/%cf%84he-palace-of-the-grand-masters\\\/\",\"url\":\"https:\\\/\\\/www.apollobeach.gr\\\/de\\\/location\\\/%cf%84he-palace-of-the-grand-masters\\\/\",\"name\":\"Der Gro\u00dfmeisterpalast - Apollo Beach Hotel\",\"isPartOf\":{\"@id\":\"https:\\\/\\\/www.apollobeach.gr\\\/de\\\/#website\"},\"primaryImageOfPage\":{\"@id\":\"https:\\\/\\\/www.apollobeach.gr\\\/de\\\/location\\\/%cf%84he-palace-of-the-grand-masters\\\/#primaryimage\"},\"image\":{\"@id\":\"https:\\\/\\\/www.apollobeach.gr\\\/de\\\/location\\\/%cf%84he-palace-of-the-grand-masters\\\/#primaryimage\"},\"thumbnailUrl\":\"https:\\\/\\\/www.apollobeach.gr\\\/app\\\/uploads\\\/sites\\\/51\\\/2020\\\/05\\\/full_old-town_resized.jpg\",\"datePublished\":\"2020-03-23T14:45:10+00:00\",\"dateModified\":\"2020-06-17T10:26:45+00:00\",\"breadcrumb\":{\"@id\":\"https:\\\/\\\/www.apollobeach.gr\\\/de\\\/location\\\/%cf%84he-palace-of-the-grand-masters\\\/#breadcrumb\"},\"inLanguage\":\"de\",\"potentialAction\":[{\"@type\":\"ReadAction\",\"target\":[\"https:\\\/\\\/www.apollobeach.gr\\\/de\\\/location\\\/%cf%84he-palace-of-the-grand-masters\\\/\"]}]},{\"@type\":\"ImageObject\",\"inLanguage\":\"de\",\"@id\":\"https:\\\/\\\/www.apollobeach.gr\\\/de\\\/location\\\/%cf%84he-palace-of-the-grand-masters\\\/#primaryimage\",\"url\":\"https:\\\/\\\/www.apollobeach.gr\\\/app\\\/uploads\\\/sites\\\/51\\\/2020\\\/05\\\/full_old-town_resized.jpg\",\"contentUrl\":\"https:\\\/\\\/www.apollobeach.gr\\\/app\\\/uploads\\\/sites\\\/51\\\/2020\\\/05\\\/full_old-town_resized.jpg\",\"width\":1920,\"height\":1080},{\"@type\":\"BreadcrumbList\",\"@id\":\"https:\\\/\\\/www.apollobeach.gr\\\/de\\\/location\\\/%cf%84he-palace-of-the-grand-masters\\\/#breadcrumb\",\"itemListElement\":[{\"@type\":\"ListItem\",\"position\":1,\"name\":\"Home\",\"item\":\"https:\\\/\\\/www.apollobeach.gr\\\/de\\\/\"},{\"@type\":\"ListItem\",\"position\":2,\"name\":\"Location\",\"item\":\"https:\\\/\\\/www.apollobeach.gr\\\/de\\\/location\\\/\"},{\"@type\":\"ListItem\",\"position\":3,\"name\":\"Der Gro\u00dfmeisterpalast\"}]},{\"@type\":\"WebSite\",\"@id\":\"https:\\\/\\\/www.apollobeach.gr\\\/de\\\/#website\",\"url\":\"https:\\\/\\\/www.apollobeach.gr\\\/de\\\/\",\"name\":\"Apollo Beach Hotel\",\"description\":\"Apollo Beach Hotel\",\"potentialAction\":[{\"@type\":\"SearchAction\",\"target\":{\"@type\":\"EntryPoint\",\"urlTemplate\":\"https:\\\/\\\/www.apollobeach.gr\\\/de\\\/?s={search_term_string}\"},\"query-input\":{\"@type\":\"PropertyValueSpecification\",\"valueRequired\":true,\"valueName\":\"search_term_string\"}}],\"inLanguage\":\"de\"}]}<\/script>\n<!-- \/ Yoast SEO plugin. -->","yoast_head_json":{"title":"Der Gro\u00dfmeisterpalast - Apollo Beach Hotel","robots":{"index":"index","follow":"follow","max-snippet":"max-snippet:-1","max-image-preview":"max-image-preview:large","max-video-preview":"max-video-preview:-1"},"canonical":"https:\/\/www.apollobeach.gr\/de\/location\/%cf%84he-palace-of-the-grand-masters\/","og_locale":"de_DE","og_type":"article","og_title":"Der Gro\u00dfmeisterpalast - Apollo Beach Hotel","og_description":"Mit seinen enormen gotischen T\u00fcrmen, ist der Palast nur eines unter den vielen historischen Architekturwundern der gro\u00dfartigen Mittelalterlichen Altstadt. Er ist ein monumentaler Bau und","og_url":"https:\/\/www.apollobeach.gr\/de\/location\/%cf%84he-palace-of-the-grand-masters\/","og_site_name":"Apollo Beach Hotel","article_modified_time":"2020-06-17T10:26:45+00:00","og_image":[{"width":1920,"height":1080,"url":"https:\/\/www.apollobeach.gr\/app\/uploads\/sites\/51\/2020\/05\/full_old-town_resized.jpg","type":"image\/jpeg"}],"twitter_card":"summary_large_image","twitter_misc":{"Gesch\u00e4tzte Lesezeit":"1\u00a0Minute"},"schema":{"@context":"https:\/\/schema.org","@graph":[{"@type":"WebPage","@id":"https:\/\/www.apollobeach.gr\/de\/location\/%cf%84he-palace-of-the-grand-masters\/","url":"https:\/\/www.apollobeach.gr\/de\/location\/%cf%84he-palace-of-the-grand-masters\/","name":"Der Gro\u00dfmeisterpalast - Apollo Beach Hotel","isPartOf":{"@id":"https:\/\/www.apollobeach.gr\/de\/#website"},"primaryImageOfPage":{"@id":"https:\/\/www.apollobeach.gr\/de\/location\/%cf%84he-palace-of-the-grand-masters\/#primaryimage"},"image":{"@id":"https:\/\/www.apollobeach.gr\/de\/location\/%cf%84he-palace-of-the-grand-masters\/#primaryimage"},"thumbnailUrl":"https:\/\/www.apollobeach.gr\/app\/uploads\/sites\/51\/2020\/05\/full_old-town_resized.jpg","datePublished":"2020-03-23T14:45:10+00:00","dateModified":"2020-06-17T10:26:45+00:00","breadcrumb":{"@id":"https:\/\/www.apollobeach.gr\/de\/location\/%cf%84he-palace-of-the-grand-masters\/#breadcrumb"},"inLanguage":"de","potentialAction":[{"@type":"ReadAction","target":["https:\/\/www.apollobeach.gr\/de\/location\/%cf%84he-palace-of-the-grand-masters\/"]}]},{"@type":"ImageObject","inLanguage":"de","@id":"https:\/\/www.apollobeach.gr\/de\/location\/%cf%84he-palace-of-the-grand-masters\/#primaryimage","url":"https:\/\/www.apollobeach.gr\/app\/uploads\/sites\/51\/2020\/05\/full_old-town_resized.jpg","contentUrl":"https:\/\/www.apollobeach.gr\/app\/uploads\/sites\/51\/2020\/05\/full_old-town_resized.jpg","width":1920,"height":1080},{"@type":"BreadcrumbList","@id":"https:\/\/www.apollobeach.gr\/de\/location\/%cf%84he-palace-of-the-grand-masters\/#breadcrumb","itemListElement":[{"@type":"ListItem","position":1,"name":"Home","item":"https:\/\/www.apollobeach.gr\/de\/"},{"@type":"ListItem","position":2,"name":"Location","item":"https:\/\/www.apollobeach.gr\/de\/location\/"},{"@type":"ListItem","position":3,"name":"Der Gro\u00dfmeisterpalast"}]},{"@type":"WebSite","@id":"https:\/\/www.apollobeach.gr\/de\/#website","url":"https:\/\/www.apollobeach.gr\/de\/","name":"Apollo Beach Hotel","description":"Apollo Beach Hotel","potentialAction":[{"@type":"SearchAction","target":{"@type":"EntryPoint","urlTemplate":"https:\/\/www.apollobeach.gr\/de\/?s={search_term_string}"},"query-input":{"@type":"PropertyValueSpecification","valueRequired":true,"valueName":"search_term_string"}}],"inLanguage":"de"}]}},"_links":{"self":[{"href":"https:\/\/www.apollobeach.gr\/de\/wp-json\/wp\/v2\/pages\/1976","targetHints":{"allow":["GET"]}}],"collection":[{"href":"https:\/\/www.apollobeach.gr\/de\/wp-json\/wp\/v2\/pages"}],"about":[{"href":"https:\/\/www.apollobeach.gr\/de\/wp-json\/wp\/v2\/types\/page"}],"author":[{"embeddable":true,"href":"https:\/\/www.apollobeach.gr\/de\/wp-json\/wp\/v2\/users\/1"}],"replies":[{"embeddable":true,"href":"https:\/\/www.apollobeach.gr\/de\/wp-json\/wp\/v2\/comments?post=1976"}],"version-history":[{"count":2,"href":"https:\/\/www.apollobeach.gr\/de\/wp-json\/wp\/v2\/pages\/1976\/revisions"}],"predecessor-version":[{"id":1979,"href":"https:\/\/www.apollobeach.gr\/de\/wp-json\/wp\/v2\/pages\/1976\/revisions\/1979"}],"up":[{"embeddable":true,"href":"https:\/\/www.apollobeach.gr\/de\/wp-json\/wp\/v2\/pages\/1924"}],"wp:featuredmedia":[{"embeddable":true,"href":"https:\/\/www.apollobeach.gr\/de\/wp-json\/wp\/v2\/media\/1977"}],"wp:attachment":[{"href":"https:\/\/www.apollobeach.gr\/de\/wp-json\/wp\/v2\/media?parent=1976"}],"curies":[{"name":"wp","href":"https:\/\/api.w.org\/{rel}","templated":true}]}}