{"id":1957,"date":"2020-03-23T17:49:24","date_gmt":"2020-03-23T14:49:24","guid":{"rendered":"https:\/\/www.apollobeach.gr\/location\/the-acropolis-of-rhodes-at-the-hill-of-monte-smith\/"},"modified":"2020-06-17T13:13:40","modified_gmt":"2020-06-17T10:13:40","slug":"the-acropolis-of-rhodes-at-the-hill-of-monte-smith","status":"publish","type":"page","link":"https:\/\/www.apollobeach.gr\/de\/location\/the-acropolis-of-rhodes-at-the-hill-of-monte-smith\/","title":{"rendered":"Die Akropolis von Rhodos auf dem Monte Smith H\u00fcgel"},"content":{"rendered":"<p>Nicht mit jener von Lindos zu verwechseln. Die Akropolis von Rhodos ist ein absolutes Muss, um einen Panoramablick der Insel vom h\u00f6chsten Punkt der Stadt aus zu genie\u00dfen. Bedeutende arch\u00e4ologische Sehensw\u00fcrdigkeiten sind hier unter anderem: die vier beeindruckenden S\u00e4ulen <strong>des Tempels vom Pythischen Apollo<\/strong>, das <strong>restaurierte antike Stadion<\/strong> und <strong>Odeon<\/strong>.<\/p>\n","protected":false},"excerpt":{"rendered":"<p>Nicht mit jener von Lindos zu verwechseln. Die Akropolis von Rhodos ist ein absolutes Muss, um einen Panoramablick der Insel vom h\u00f6chsten Punkt der Stadt<\/p>\n","protected":false},"author":1,"featured_media":1958,"parent":1924,"menu_order":0,"comment_status":"closed","ping_status":"closed","template":"","meta":{"_acf_changed":false,"footnotes":""},"class_list":["post-1957","page","type-page","status-publish","has-post-thumbnail","hentry"],"acf":[],"yoast_head":"<!-- This site is optimized with the Yoast SEO plugin v27.5 - https:\/\/yoast.com\/product\/yoast-seo-wordpress\/ -->\n<title>Die Akropolis von Rhodos auf dem Monte Smith H\u00fcgel - Apollo Beach Hotel<\/title>\n<meta name=\"robots\" content=\"index, follow, max-snippet:-1, max-image-preview:large, max-video-preview:-1\" \/>\n<link rel=\"canonical\" href=\"https:\/\/www.apollobeach.gr\/de\/location\/the-acropolis-of-rhodes-at-the-hill-of-monte-smith\/\" \/>\n<meta property=\"og:locale\" content=\"de_DE\" \/>\n<meta property=\"og:type\" content=\"article\" \/>\n<meta property=\"og:title\" content=\"Die Akropolis von Rhodos auf dem Monte Smith H\u00fcgel - Apollo Beach Hotel\" \/>\n<meta property=\"og:description\" content=\"Nicht mit jener von Lindos zu verwechseln. Die Akropolis von Rhodos ist ein absolutes Muss, um einen Panoramablick der Insel vom h\u00f6chsten Punkt der Stadt\" \/>\n<meta property=\"og:url\" content=\"https:\/\/www.apollobeach.gr\/de\/location\/the-acropolis-of-rhodes-at-the-hill-of-monte-smith\/\" \/>\n<meta property=\"og:site_name\" content=\"Apollo Beach Hotel\" \/>\n<meta property=\"article:modified_time\" content=\"2020-06-17T10:13:40+00:00\" \/>\n<meta property=\"og:image\" content=\"https:\/\/www.apollobeach.gr\/app\/uploads\/sites\/51\/2020\/05\/full_capture8_resized.jpg\" \/>\n\t<meta property=\"og:image:width\" content=\"1150\" \/>\n\t<meta property=\"og:image:height\" content=\"1200\" \/>\n\t<meta property=\"og:image:type\" content=\"image\/jpeg\" \/>\n<meta name=\"twitter:card\" content=\"summary_large_image\" \/>\n<script type=\"application\/ld+json\" class=\"yoast-schema-graph\">{\"@context\":\"https:\\\/\\\/schema.org\",\"@graph\":[{\"@type\":\"WebPage\",\"@id\":\"https:\\\/\\\/www.apollobeach.gr\\\/de\\\/location\\\/the-acropolis-of-rhodes-at-the-hill-of-monte-smith\\\/\",\"url\":\"https:\\\/\\\/www.apollobeach.gr\\\/de\\\/location\\\/the-acropolis-of-rhodes-at-the-hill-of-monte-smith\\\/\",\"name\":\"Die Akropolis von Rhodos auf dem Monte Smith H\u00fcgel - Apollo Beach Hotel\",\"isPartOf\":{\"@id\":\"https:\\\/\\\/www.apollobeach.gr\\\/de\\\/#website\"},\"primaryImageOfPage\":{\"@id\":\"https:\\\/\\\/www.apollobeach.gr\\\/de\\\/location\\\/the-acropolis-of-rhodes-at-the-hill-of-monte-smith\\\/#primaryimage\"},\"image\":{\"@id\":\"https:\\\/\\\/www.apollobeach.gr\\\/de\\\/location\\\/the-acropolis-of-rhodes-at-the-hill-of-monte-smith\\\/#primaryimage\"},\"thumbnailUrl\":\"https:\\\/\\\/www.apollobeach.gr\\\/app\\\/uploads\\\/sites\\\/51\\\/2020\\\/05\\\/full_capture8_resized.jpg\",\"datePublished\":\"2020-03-23T14:49:24+00:00\",\"dateModified\":\"2020-06-17T10:13:40+00:00\",\"breadcrumb\":{\"@id\":\"https:\\\/\\\/www.apollobeach.gr\\\/de\\\/location\\\/the-acropolis-of-rhodes-at-the-hill-of-monte-smith\\\/#breadcrumb\"},\"inLanguage\":\"de\",\"potentialAction\":[{\"@type\":\"ReadAction\",\"target\":[\"https:\\\/\\\/www.apollobeach.gr\\\/de\\\/location\\\/the-acropolis-of-rhodes-at-the-hill-of-monte-smith\\\/\"]}]},{\"@type\":\"ImageObject\",\"inLanguage\":\"de\",\"@id\":\"https:\\\/\\\/www.apollobeach.gr\\\/de\\\/location\\\/the-acropolis-of-rhodes-at-the-hill-of-monte-smith\\\/#primaryimage\",\"url\":\"https:\\\/\\\/www.apollobeach.gr\\\/app\\\/uploads\\\/sites\\\/51\\\/2020\\\/05\\\/full_capture8_resized.jpg\",\"contentUrl\":\"https:\\\/\\\/www.apollobeach.gr\\\/app\\\/uploads\\\/sites\\\/51\\\/2020\\\/05\\\/full_capture8_resized.jpg\",\"width\":1150,\"height\":1200},{\"@type\":\"BreadcrumbList\",\"@id\":\"https:\\\/\\\/www.apollobeach.gr\\\/de\\\/location\\\/the-acropolis-of-rhodes-at-the-hill-of-monte-smith\\\/#breadcrumb\",\"itemListElement\":[{\"@type\":\"ListItem\",\"position\":1,\"name\":\"Home\",\"item\":\"https:\\\/\\\/www.apollobeach.gr\\\/de\\\/\"},{\"@type\":\"ListItem\",\"position\":2,\"name\":\"Location\",\"item\":\"https:\\\/\\\/www.apollobeach.gr\\\/de\\\/location\\\/\"},{\"@type\":\"ListItem\",\"position\":3,\"name\":\"Die Akropolis von Rhodos auf dem Monte Smith H\u00fcgel\"}]},{\"@type\":\"WebSite\",\"@id\":\"https:\\\/\\\/www.apollobeach.gr\\\/de\\\/#website\",\"url\":\"https:\\\/\\\/www.apollobeach.gr\\\/de\\\/\",\"name\":\"Apollo Beach Hotel\",\"description\":\"Apollo Beach Hotel\",\"potentialAction\":[{\"@type\":\"SearchAction\",\"target\":{\"@type\":\"EntryPoint\",\"urlTemplate\":\"https:\\\/\\\/www.apollobeach.gr\\\/de\\\/?s={search_term_string}\"},\"query-input\":{\"@type\":\"PropertyValueSpecification\",\"valueRequired\":true,\"valueName\":\"search_term_string\"}}],\"inLanguage\":\"de\"}]}<\/script>\n<!-- \/ Yoast SEO plugin. -->","yoast_head_json":{"title":"Die Akropolis von Rhodos auf dem Monte Smith H\u00fcgel - Apollo Beach Hotel","robots":{"index":"index","follow":"follow","max-snippet":"max-snippet:-1","max-image-preview":"max-image-preview:large","max-video-preview":"max-video-preview:-1"},"canonical":"https:\/\/www.apollobeach.gr\/de\/location\/the-acropolis-of-rhodes-at-the-hill-of-monte-smith\/","og_locale":"de_DE","og_type":"article","og_title":"Die Akropolis von Rhodos auf dem Monte Smith H\u00fcgel - Apollo Beach Hotel","og_description":"Nicht mit jener von Lindos zu verwechseln. Die Akropolis von Rhodos ist ein absolutes Muss, um einen Panoramablick der Insel vom h\u00f6chsten Punkt der Stadt","og_url":"https:\/\/www.apollobeach.gr\/de\/location\/the-acropolis-of-rhodes-at-the-hill-of-monte-smith\/","og_site_name":"Apollo Beach Hotel","article_modified_time":"2020-06-17T10:13:40+00:00","og_image":[{"width":1150,"height":1200,"url":"https:\/\/www.apollobeach.gr\/app\/uploads\/sites\/51\/2020\/05\/full_capture8_resized.jpg","type":"image\/jpeg"}],"twitter_card":"summary_large_image","schema":{"@context":"https:\/\/schema.org","@graph":[{"@type":"WebPage","@id":"https:\/\/www.apollobeach.gr\/de\/location\/the-acropolis-of-rhodes-at-the-hill-of-monte-smith\/","url":"https:\/\/www.apollobeach.gr\/de\/location\/the-acropolis-of-rhodes-at-the-hill-of-monte-smith\/","name":"Die Akropolis von Rhodos auf dem Monte Smith H\u00fcgel - Apollo Beach Hotel","isPartOf":{"@id":"https:\/\/www.apollobeach.gr\/de\/#website"},"primaryImageOfPage":{"@id":"https:\/\/www.apollobeach.gr\/de\/location\/the-acropolis-of-rhodes-at-the-hill-of-monte-smith\/#primaryimage"},"image":{"@id":"https:\/\/www.apollobeach.gr\/de\/location\/the-acropolis-of-rhodes-at-the-hill-of-monte-smith\/#primaryimage"},"thumbnailUrl":"https:\/\/www.apollobeach.gr\/app\/uploads\/sites\/51\/2020\/05\/full_capture8_resized.jpg","datePublished":"2020-03-23T14:49:24+00:00","dateModified":"2020-06-17T10:13:40+00:00","breadcrumb":{"@id":"https:\/\/www.apollobeach.gr\/de\/location\/the-acropolis-of-rhodes-at-the-hill-of-monte-smith\/#breadcrumb"},"inLanguage":"de","potentialAction":[{"@type":"ReadAction","target":["https:\/\/www.apollobeach.gr\/de\/location\/the-acropolis-of-rhodes-at-the-hill-of-monte-smith\/"]}]},{"@type":"ImageObject","inLanguage":"de","@id":"https:\/\/www.apollobeach.gr\/de\/location\/the-acropolis-of-rhodes-at-the-hill-of-monte-smith\/#primaryimage","url":"https:\/\/www.apollobeach.gr\/app\/uploads\/sites\/51\/2020\/05\/full_capture8_resized.jpg","contentUrl":"https:\/\/www.apollobeach.gr\/app\/uploads\/sites\/51\/2020\/05\/full_capture8_resized.jpg","width":1150,"height":1200},{"@type":"BreadcrumbList","@id":"https:\/\/www.apollobeach.gr\/de\/location\/the-acropolis-of-rhodes-at-the-hill-of-monte-smith\/#breadcrumb","itemListElement":[{"@type":"ListItem","position":1,"name":"Home","item":"https:\/\/www.apollobeach.gr\/de\/"},{"@type":"ListItem","position":2,"name":"Location","item":"https:\/\/www.apollobeach.gr\/de\/location\/"},{"@type":"ListItem","position":3,"name":"Die Akropolis von Rhodos auf dem Monte Smith H\u00fcgel"}]},{"@type":"WebSite","@id":"https:\/\/www.apollobeach.gr\/de\/#website","url":"https:\/\/www.apollobeach.gr\/de\/","name":"Apollo Beach Hotel","description":"Apollo Beach Hotel","potentialAction":[{"@type":"SearchAction","target":{"@type":"EntryPoint","urlTemplate":"https:\/\/www.apollobeach.gr\/de\/?s={search_term_string}"},"query-input":{"@type":"PropertyValueSpecification","valueRequired":true,"valueName":"search_term_string"}}],"inLanguage":"de"}]}},"_links":{"self":[{"href":"https:\/\/www.apollobeach.gr\/de\/wp-json\/wp\/v2\/pages\/1957","targetHints":{"allow":["GET"]}}],"collection":[{"href":"https:\/\/www.apollobeach.gr\/de\/wp-json\/wp\/v2\/pages"}],"about":[{"href":"https:\/\/www.apollobeach.gr\/de\/wp-json\/wp\/v2\/types\/page"}],"author":[{"embeddable":true,"href":"https:\/\/www.apollobeach.gr\/de\/wp-json\/wp\/v2\/users\/1"}],"replies":[{"embeddable":true,"href":"https:\/\/www.apollobeach.gr\/de\/wp-json\/wp\/v2\/comments?post=1957"}],"version-history":[{"count":2,"href":"https:\/\/www.apollobeach.gr\/de\/wp-json\/wp\/v2\/pages\/1957\/revisions"}],"predecessor-version":[{"id":1960,"href":"https:\/\/www.apollobeach.gr\/de\/wp-json\/wp\/v2\/pages\/1957\/revisions\/1960"}],"up":[{"embeddable":true,"href":"https:\/\/www.apollobeach.gr\/de\/wp-json\/wp\/v2\/pages\/1924"}],"wp:featuredmedia":[{"embeddable":true,"href":"https:\/\/www.apollobeach.gr\/de\/wp-json\/wp\/v2\/media\/1958"}],"wp:attachment":[{"href":"https:\/\/www.apollobeach.gr\/de\/wp-json\/wp\/v2\/media?parent=1957"}],"curies":[{"name":"wp","href":"https:\/\/api.w.org\/{rel}","templated":true}]}}