{"id":1953,"date":"2020-03-23T17:14:04","date_gmt":"2020-03-23T14:14:04","guid":{"rendered":"https:\/\/www.apollobeach.gr\/location\/prasonisi\/"},"modified":"2020-06-17T13:10:27","modified_gmt":"2020-06-17T10:10:27","slug":"prasonisi","status":"publish","type":"page","link":"https:\/\/www.apollobeach.gr\/de\/location\/prasonisi\/","title":{"rendered":"Prasonisi"},"content":{"rendered":"<p>Im S\u00fcden von Rhodos, eine Naturattraktion und ein Paradies f\u00fcr Windsurfer. Etwa 1,5 Stunden vom Flughafen entfernt, verf\u00fcgt der Ort \u00fcber Wind- und Kitesurfing-Einrichtungen und Unterkunftsm\u00f6glichkeiten. Prassonisi ist ein einzigartiger Ort, der ein Naturwunder von Zwillingsstr\u00e4nden vorzuweisen hat, wo das himmelblaue Meer die seichte, bei Ebbe trennende K\u00fcste h\u00e4ufig bedeckt.<\/p>\n","protected":false},"excerpt":{"rendered":"<p>Im S\u00fcden von Rhodos, eine Naturattraktion und ein Paradies f\u00fcr Windsurfer. Etwa 1,5 Stunden vom Flughafen entfernt, verf\u00fcgt der Ort \u00fcber Wind- und Kitesurfing-Einrichtungen und<\/p>\n","protected":false},"author":1,"featured_media":1954,"parent":1924,"menu_order":0,"comment_status":"closed","ping_status":"closed","template":"","meta":{"_acf_changed":false,"footnotes":""},"class_list":["post-1953","page","type-page","status-publish","has-post-thumbnail","hentry"],"acf":[],"yoast_head":"<!-- This site is optimized with the Yoast SEO plugin v27.3 - https:\/\/yoast.com\/product\/yoast-seo-wordpress\/ -->\n<title>Prasonisi - Apollo Beach Hotel<\/title>\n<meta name=\"robots\" content=\"index, follow, max-snippet:-1, max-image-preview:large, max-video-preview:-1\" \/>\n<link rel=\"canonical\" href=\"https:\/\/www.apollobeach.gr\/de\/location\/prasonisi\/\" \/>\n<meta property=\"og:locale\" content=\"de_DE\" \/>\n<meta property=\"og:type\" content=\"article\" \/>\n<meta property=\"og:title\" content=\"Prasonisi - Apollo Beach Hotel\" \/>\n<meta property=\"og:description\" content=\"Im S\u00fcden von Rhodos, eine Naturattraktion und ein Paradies f\u00fcr Windsurfer. Etwa 1,5 Stunden vom Flughafen entfernt, verf\u00fcgt der Ort \u00fcber Wind- und Kitesurfing-Einrichtungen und\" \/>\n<meta property=\"og:url\" content=\"https:\/\/www.apollobeach.gr\/de\/location\/prasonisi\/\" \/>\n<meta property=\"og:site_name\" content=\"Apollo Beach Hotel\" \/>\n<meta property=\"article:modified_time\" content=\"2020-06-17T10:10:27+00:00\" \/>\n<meta property=\"og:image\" content=\"https:\/\/www.apollobeach.gr\/app\/uploads\/sites\/51\/2020\/05\/full_maxresdefault5_resized.jpg\" \/>\n\t<meta property=\"og:image:width\" content=\"1920\" \/>\n\t<meta property=\"og:image:height\" content=\"1079\" \/>\n\t<meta property=\"og:image:type\" content=\"image\/jpeg\" \/>\n<meta name=\"twitter:card\" content=\"summary_large_image\" \/>\n<script type=\"application\/ld+json\" class=\"yoast-schema-graph\">{\"@context\":\"https:\\\/\\\/schema.org\",\"@graph\":[{\"@type\":\"WebPage\",\"@id\":\"https:\\\/\\\/www.apollobeach.gr\\\/de\\\/location\\\/prasonisi\\\/\",\"url\":\"https:\\\/\\\/www.apollobeach.gr\\\/de\\\/location\\\/prasonisi\\\/\",\"name\":\"Prasonisi - Apollo Beach Hotel\",\"isPartOf\":{\"@id\":\"https:\\\/\\\/www.apollobeach.gr\\\/de\\\/#website\"},\"primaryImageOfPage\":{\"@id\":\"https:\\\/\\\/www.apollobeach.gr\\\/de\\\/location\\\/prasonisi\\\/#primaryimage\"},\"image\":{\"@id\":\"https:\\\/\\\/www.apollobeach.gr\\\/de\\\/location\\\/prasonisi\\\/#primaryimage\"},\"thumbnailUrl\":\"https:\\\/\\\/www.apollobeach.gr\\\/app\\\/uploads\\\/sites\\\/51\\\/2020\\\/05\\\/full_maxresdefault5_resized.jpg\",\"datePublished\":\"2020-03-23T14:14:04+00:00\",\"dateModified\":\"2020-06-17T10:10:27+00:00\",\"breadcrumb\":{\"@id\":\"https:\\\/\\\/www.apollobeach.gr\\\/de\\\/location\\\/prasonisi\\\/#breadcrumb\"},\"inLanguage\":\"de\",\"potentialAction\":[{\"@type\":\"ReadAction\",\"target\":[\"https:\\\/\\\/www.apollobeach.gr\\\/de\\\/location\\\/prasonisi\\\/\"]}]},{\"@type\":\"ImageObject\",\"inLanguage\":\"de\",\"@id\":\"https:\\\/\\\/www.apollobeach.gr\\\/de\\\/location\\\/prasonisi\\\/#primaryimage\",\"url\":\"https:\\\/\\\/www.apollobeach.gr\\\/app\\\/uploads\\\/sites\\\/51\\\/2020\\\/05\\\/full_maxresdefault5_resized.jpg\",\"contentUrl\":\"https:\\\/\\\/www.apollobeach.gr\\\/app\\\/uploads\\\/sites\\\/51\\\/2020\\\/05\\\/full_maxresdefault5_resized.jpg\",\"width\":1920,\"height\":1079},{\"@type\":\"BreadcrumbList\",\"@id\":\"https:\\\/\\\/www.apollobeach.gr\\\/de\\\/location\\\/prasonisi\\\/#breadcrumb\",\"itemListElement\":[{\"@type\":\"ListItem\",\"position\":1,\"name\":\"Home\",\"item\":\"https:\\\/\\\/www.apollobeach.gr\\\/de\\\/\"},{\"@type\":\"ListItem\",\"position\":2,\"name\":\"Location\",\"item\":\"https:\\\/\\\/www.apollobeach.gr\\\/de\\\/location\\\/\"},{\"@type\":\"ListItem\",\"position\":3,\"name\":\"Prasonisi\"}]},{\"@type\":\"WebSite\",\"@id\":\"https:\\\/\\\/www.apollobeach.gr\\\/de\\\/#website\",\"url\":\"https:\\\/\\\/www.apollobeach.gr\\\/de\\\/\",\"name\":\"Apollo Beach Hotel\",\"description\":\"Apollo Beach Hotel\",\"potentialAction\":[{\"@type\":\"SearchAction\",\"target\":{\"@type\":\"EntryPoint\",\"urlTemplate\":\"https:\\\/\\\/www.apollobeach.gr\\\/de\\\/?s={search_term_string}\"},\"query-input\":{\"@type\":\"PropertyValueSpecification\",\"valueRequired\":true,\"valueName\":\"search_term_string\"}}],\"inLanguage\":\"de\"}]}<\/script>\n<!-- \/ Yoast SEO plugin. -->","yoast_head_json":{"title":"Prasonisi - Apollo Beach Hotel","robots":{"index":"index","follow":"follow","max-snippet":"max-snippet:-1","max-image-preview":"max-image-preview:large","max-video-preview":"max-video-preview:-1"},"canonical":"https:\/\/www.apollobeach.gr\/de\/location\/prasonisi\/","og_locale":"de_DE","og_type":"article","og_title":"Prasonisi - Apollo Beach Hotel","og_description":"Im S\u00fcden von Rhodos, eine Naturattraktion und ein Paradies f\u00fcr Windsurfer. Etwa 1,5 Stunden vom Flughafen entfernt, verf\u00fcgt der Ort \u00fcber Wind- und Kitesurfing-Einrichtungen und","og_url":"https:\/\/www.apollobeach.gr\/de\/location\/prasonisi\/","og_site_name":"Apollo Beach Hotel","article_modified_time":"2020-06-17T10:10:27+00:00","og_image":[{"width":1920,"height":1079,"url":"https:\/\/www.apollobeach.gr\/app\/uploads\/sites\/51\/2020\/05\/full_maxresdefault5_resized.jpg","type":"image\/jpeg"}],"twitter_card":"summary_large_image","schema":{"@context":"https:\/\/schema.org","@graph":[{"@type":"WebPage","@id":"https:\/\/www.apollobeach.gr\/de\/location\/prasonisi\/","url":"https:\/\/www.apollobeach.gr\/de\/location\/prasonisi\/","name":"Prasonisi - Apollo Beach Hotel","isPartOf":{"@id":"https:\/\/www.apollobeach.gr\/de\/#website"},"primaryImageOfPage":{"@id":"https:\/\/www.apollobeach.gr\/de\/location\/prasonisi\/#primaryimage"},"image":{"@id":"https:\/\/www.apollobeach.gr\/de\/location\/prasonisi\/#primaryimage"},"thumbnailUrl":"https:\/\/www.apollobeach.gr\/app\/uploads\/sites\/51\/2020\/05\/full_maxresdefault5_resized.jpg","datePublished":"2020-03-23T14:14:04+00:00","dateModified":"2020-06-17T10:10:27+00:00","breadcrumb":{"@id":"https:\/\/www.apollobeach.gr\/de\/location\/prasonisi\/#breadcrumb"},"inLanguage":"de","potentialAction":[{"@type":"ReadAction","target":["https:\/\/www.apollobeach.gr\/de\/location\/prasonisi\/"]}]},{"@type":"ImageObject","inLanguage":"de","@id":"https:\/\/www.apollobeach.gr\/de\/location\/prasonisi\/#primaryimage","url":"https:\/\/www.apollobeach.gr\/app\/uploads\/sites\/51\/2020\/05\/full_maxresdefault5_resized.jpg","contentUrl":"https:\/\/www.apollobeach.gr\/app\/uploads\/sites\/51\/2020\/05\/full_maxresdefault5_resized.jpg","width":1920,"height":1079},{"@type":"BreadcrumbList","@id":"https:\/\/www.apollobeach.gr\/de\/location\/prasonisi\/#breadcrumb","itemListElement":[{"@type":"ListItem","position":1,"name":"Home","item":"https:\/\/www.apollobeach.gr\/de\/"},{"@type":"ListItem","position":2,"name":"Location","item":"https:\/\/www.apollobeach.gr\/de\/location\/"},{"@type":"ListItem","position":3,"name":"Prasonisi"}]},{"@type":"WebSite","@id":"https:\/\/www.apollobeach.gr\/de\/#website","url":"https:\/\/www.apollobeach.gr\/de\/","name":"Apollo Beach Hotel","description":"Apollo Beach Hotel","potentialAction":[{"@type":"SearchAction","target":{"@type":"EntryPoint","urlTemplate":"https:\/\/www.apollobeach.gr\/de\/?s={search_term_string}"},"query-input":{"@type":"PropertyValueSpecification","valueRequired":true,"valueName":"search_term_string"}}],"inLanguage":"de"}]}},"_links":{"self":[{"href":"https:\/\/www.apollobeach.gr\/de\/wp-json\/wp\/v2\/pages\/1953","targetHints":{"allow":["GET"]}}],"collection":[{"href":"https:\/\/www.apollobeach.gr\/de\/wp-json\/wp\/v2\/pages"}],"about":[{"href":"https:\/\/www.apollobeach.gr\/de\/wp-json\/wp\/v2\/types\/page"}],"author":[{"embeddable":true,"href":"https:\/\/www.apollobeach.gr\/de\/wp-json\/wp\/v2\/users\/1"}],"replies":[{"embeddable":true,"href":"https:\/\/www.apollobeach.gr\/de\/wp-json\/wp\/v2\/comments?post=1953"}],"version-history":[{"count":2,"href":"https:\/\/www.apollobeach.gr\/de\/wp-json\/wp\/v2\/pages\/1953\/revisions"}],"predecessor-version":[{"id":1956,"href":"https:\/\/www.apollobeach.gr\/de\/wp-json\/wp\/v2\/pages\/1953\/revisions\/1956"}],"up":[{"embeddable":true,"href":"https:\/\/www.apollobeach.gr\/de\/wp-json\/wp\/v2\/pages\/1924"}],"wp:featuredmedia":[{"embeddable":true,"href":"https:\/\/www.apollobeach.gr\/de\/wp-json\/wp\/v2\/media\/1954"}],"wp:attachment":[{"href":"https:\/\/www.apollobeach.gr\/de\/wp-json\/wp\/v2\/media?parent=1953"}],"curies":[{"name":"wp","href":"https:\/\/api.w.org\/{rel}","templated":true}]}}