{"id":1932,"date":"2020-03-23T17:05:23","date_gmt":"2020-03-23T14:05:23","guid":{"rendered":"https:\/\/www.apollobeach.gr\/location\/lindos\/"},"modified":"2020-06-17T13:06:37","modified_gmt":"2020-06-17T10:06:37","slug":"lindos","status":"publish","type":"page","link":"https:\/\/www.apollobeach.gr\/de\/location\/lindos\/","title":{"rendered":"Lindos"},"content":{"rendered":"<p>S\u00fcd\u00f6stlich vom Zentrum gelegen, befindet sich Lindos ungef\u00e4hr auf halbem Weg bis zum anderen Ende der Insel, etwa eine Stunde vom Zentrum mit dem Auto entfernt. Die Stadt Lindos und ihr beeindruckendes antikes Denkmal, die <strong>Akropolis von Lindos<\/strong> auf einer H\u00f6he von 116 Metern, sind ein Muss w\u00e4hrend Ihres Urlaubs auf Rhodos. Das Antike trifft hier das Mittelalterliche. Entdecken Sie das Vergehen der Zeit, indem Sie die vielen Sehensw\u00fcrdigkeiten in der Zitadelle bewundern: das antike Theater, die \u00dcberreste des <strong>Tempels der Athena Lindia<\/strong> und die <strong>byzantinische Kirche von Agios Ioannis<\/strong>. Das <strong>Dorf von Lindos<\/strong>, an einem Hang und gleich einem Labyrinth von Gassen errichtet, bietet reizende Ess- und Einkaufsm\u00f6glichkeiten an. Der Sandstrand darunter und die Bucht sind absolut atemberaubend.<\/p>\n","protected":false},"excerpt":{"rendered":"<p>S\u00fcd\u00f6stlich vom Zentrum gelegen, befindet sich Lindos ungef\u00e4hr auf halbem Weg bis zum anderen Ende der Insel, etwa eine Stunde vom Zentrum mit dem Auto<\/p>\n","protected":false},"author":1,"featured_media":1934,"parent":1924,"menu_order":0,"comment_status":"closed","ping_status":"closed","template":"","meta":{"_acf_changed":false,"footnotes":""},"class_list":["post-1932","page","type-page","status-publish","has-post-thumbnail","hentry"],"acf":[],"yoast_head":"<!-- This site is optimized with the Yoast SEO plugin v27.3 - https:\/\/yoast.com\/product\/yoast-seo-wordpress\/ -->\n<title>Lindos - Apollo Beach Hotel<\/title>\n<meta name=\"robots\" content=\"index, follow, max-snippet:-1, max-image-preview:large, max-video-preview:-1\" \/>\n<link rel=\"canonical\" href=\"https:\/\/www.apollobeach.gr\/de\/location\/lindos\/\" \/>\n<meta property=\"og:locale\" content=\"de_DE\" \/>\n<meta property=\"og:type\" content=\"article\" \/>\n<meta property=\"og:title\" content=\"Lindos - Apollo Beach Hotel\" \/>\n<meta property=\"og:description\" content=\"S\u00fcd\u00f6stlich vom Zentrum gelegen, befindet sich Lindos ungef\u00e4hr auf halbem Weg bis zum anderen Ende der Insel, etwa eine Stunde vom Zentrum mit dem Auto\" \/>\n<meta property=\"og:url\" content=\"https:\/\/www.apollobeach.gr\/de\/location\/lindos\/\" \/>\n<meta property=\"og:site_name\" content=\"Apollo Beach Hotel\" \/>\n<meta property=\"article:modified_time\" content=\"2020-06-17T10:06:37+00:00\" \/>\n<meta property=\"og:image\" content=\"https:\/\/www.apollobeach.gr\/app\/uploads\/sites\/51\/2020\/05\/full_lindos1_resized.jpg\" \/>\n\t<meta property=\"og:image:width\" content=\"1920\" \/>\n\t<meta property=\"og:image:height\" content=\"1080\" \/>\n\t<meta property=\"og:image:type\" content=\"image\/jpeg\" \/>\n<meta name=\"twitter:card\" content=\"summary_large_image\" \/>\n<meta name=\"twitter:label1\" content=\"Gesch\u00e4tzte Lesezeit\" \/>\n\t<meta name=\"twitter:data1\" content=\"1\u00a0Minute\" \/>\n<script type=\"application\/ld+json\" class=\"yoast-schema-graph\">{\"@context\":\"https:\\\/\\\/schema.org\",\"@graph\":[{\"@type\":\"WebPage\",\"@id\":\"https:\\\/\\\/www.apollobeach.gr\\\/de\\\/location\\\/lindos\\\/\",\"url\":\"https:\\\/\\\/www.apollobeach.gr\\\/de\\\/location\\\/lindos\\\/\",\"name\":\"Lindos - Apollo Beach Hotel\",\"isPartOf\":{\"@id\":\"https:\\\/\\\/www.apollobeach.gr\\\/de\\\/#website\"},\"primaryImageOfPage\":{\"@id\":\"https:\\\/\\\/www.apollobeach.gr\\\/de\\\/location\\\/lindos\\\/#primaryimage\"},\"image\":{\"@id\":\"https:\\\/\\\/www.apollobeach.gr\\\/de\\\/location\\\/lindos\\\/#primaryimage\"},\"thumbnailUrl\":\"https:\\\/\\\/www.apollobeach.gr\\\/app\\\/uploads\\\/sites\\\/51\\\/2020\\\/05\\\/full_lindos1_resized.jpg\",\"datePublished\":\"2020-03-23T14:05:23+00:00\",\"dateModified\":\"2020-06-17T10:06:37+00:00\",\"breadcrumb\":{\"@id\":\"https:\\\/\\\/www.apollobeach.gr\\\/de\\\/location\\\/lindos\\\/#breadcrumb\"},\"inLanguage\":\"de\",\"potentialAction\":[{\"@type\":\"ReadAction\",\"target\":[\"https:\\\/\\\/www.apollobeach.gr\\\/de\\\/location\\\/lindos\\\/\"]}]},{\"@type\":\"ImageObject\",\"inLanguage\":\"de\",\"@id\":\"https:\\\/\\\/www.apollobeach.gr\\\/de\\\/location\\\/lindos\\\/#primaryimage\",\"url\":\"https:\\\/\\\/www.apollobeach.gr\\\/app\\\/uploads\\\/sites\\\/51\\\/2020\\\/05\\\/full_lindos1_resized.jpg\",\"contentUrl\":\"https:\\\/\\\/www.apollobeach.gr\\\/app\\\/uploads\\\/sites\\\/51\\\/2020\\\/05\\\/full_lindos1_resized.jpg\",\"width\":1920,\"height\":1080},{\"@type\":\"BreadcrumbList\",\"@id\":\"https:\\\/\\\/www.apollobeach.gr\\\/de\\\/location\\\/lindos\\\/#breadcrumb\",\"itemListElement\":[{\"@type\":\"ListItem\",\"position\":1,\"name\":\"Home\",\"item\":\"https:\\\/\\\/www.apollobeach.gr\\\/de\\\/\"},{\"@type\":\"ListItem\",\"position\":2,\"name\":\"Location\",\"item\":\"https:\\\/\\\/www.apollobeach.gr\\\/de\\\/location\\\/\"},{\"@type\":\"ListItem\",\"position\":3,\"name\":\"Lindos\"}]},{\"@type\":\"WebSite\",\"@id\":\"https:\\\/\\\/www.apollobeach.gr\\\/de\\\/#website\",\"url\":\"https:\\\/\\\/www.apollobeach.gr\\\/de\\\/\",\"name\":\"Apollo Beach Hotel\",\"description\":\"Apollo Beach Hotel\",\"potentialAction\":[{\"@type\":\"SearchAction\",\"target\":{\"@type\":\"EntryPoint\",\"urlTemplate\":\"https:\\\/\\\/www.apollobeach.gr\\\/de\\\/?s={search_term_string}\"},\"query-input\":{\"@type\":\"PropertyValueSpecification\",\"valueRequired\":true,\"valueName\":\"search_term_string\"}}],\"inLanguage\":\"de\"}]}<\/script>\n<!-- \/ Yoast SEO plugin. -->","yoast_head_json":{"title":"Lindos - Apollo Beach Hotel","robots":{"index":"index","follow":"follow","max-snippet":"max-snippet:-1","max-image-preview":"max-image-preview:large","max-video-preview":"max-video-preview:-1"},"canonical":"https:\/\/www.apollobeach.gr\/de\/location\/lindos\/","og_locale":"de_DE","og_type":"article","og_title":"Lindos - Apollo Beach Hotel","og_description":"S\u00fcd\u00f6stlich vom Zentrum gelegen, befindet sich Lindos ungef\u00e4hr auf halbem Weg bis zum anderen Ende der Insel, etwa eine Stunde vom Zentrum mit dem Auto","og_url":"https:\/\/www.apollobeach.gr\/de\/location\/lindos\/","og_site_name":"Apollo Beach Hotel","article_modified_time":"2020-06-17T10:06:37+00:00","og_image":[{"width":1920,"height":1080,"url":"https:\/\/www.apollobeach.gr\/app\/uploads\/sites\/51\/2020\/05\/full_lindos1_resized.jpg","type":"image\/jpeg"}],"twitter_card":"summary_large_image","twitter_misc":{"Gesch\u00e4tzte Lesezeit":"1\u00a0Minute"},"schema":{"@context":"https:\/\/schema.org","@graph":[{"@type":"WebPage","@id":"https:\/\/www.apollobeach.gr\/de\/location\/lindos\/","url":"https:\/\/www.apollobeach.gr\/de\/location\/lindos\/","name":"Lindos - Apollo Beach Hotel","isPartOf":{"@id":"https:\/\/www.apollobeach.gr\/de\/#website"},"primaryImageOfPage":{"@id":"https:\/\/www.apollobeach.gr\/de\/location\/lindos\/#primaryimage"},"image":{"@id":"https:\/\/www.apollobeach.gr\/de\/location\/lindos\/#primaryimage"},"thumbnailUrl":"https:\/\/www.apollobeach.gr\/app\/uploads\/sites\/51\/2020\/05\/full_lindos1_resized.jpg","datePublished":"2020-03-23T14:05:23+00:00","dateModified":"2020-06-17T10:06:37+00:00","breadcrumb":{"@id":"https:\/\/www.apollobeach.gr\/de\/location\/lindos\/#breadcrumb"},"inLanguage":"de","potentialAction":[{"@type":"ReadAction","target":["https:\/\/www.apollobeach.gr\/de\/location\/lindos\/"]}]},{"@type":"ImageObject","inLanguage":"de","@id":"https:\/\/www.apollobeach.gr\/de\/location\/lindos\/#primaryimage","url":"https:\/\/www.apollobeach.gr\/app\/uploads\/sites\/51\/2020\/05\/full_lindos1_resized.jpg","contentUrl":"https:\/\/www.apollobeach.gr\/app\/uploads\/sites\/51\/2020\/05\/full_lindos1_resized.jpg","width":1920,"height":1080},{"@type":"BreadcrumbList","@id":"https:\/\/www.apollobeach.gr\/de\/location\/lindos\/#breadcrumb","itemListElement":[{"@type":"ListItem","position":1,"name":"Home","item":"https:\/\/www.apollobeach.gr\/de\/"},{"@type":"ListItem","position":2,"name":"Location","item":"https:\/\/www.apollobeach.gr\/de\/location\/"},{"@type":"ListItem","position":3,"name":"Lindos"}]},{"@type":"WebSite","@id":"https:\/\/www.apollobeach.gr\/de\/#website","url":"https:\/\/www.apollobeach.gr\/de\/","name":"Apollo Beach Hotel","description":"Apollo Beach Hotel","potentialAction":[{"@type":"SearchAction","target":{"@type":"EntryPoint","urlTemplate":"https:\/\/www.apollobeach.gr\/de\/?s={search_term_string}"},"query-input":{"@type":"PropertyValueSpecification","valueRequired":true,"valueName":"search_term_string"}}],"inLanguage":"de"}]}},"_links":{"self":[{"href":"https:\/\/www.apollobeach.gr\/de\/wp-json\/wp\/v2\/pages\/1932","targetHints":{"allow":["GET"]}}],"collection":[{"href":"https:\/\/www.apollobeach.gr\/de\/wp-json\/wp\/v2\/pages"}],"about":[{"href":"https:\/\/www.apollobeach.gr\/de\/wp-json\/wp\/v2\/types\/page"}],"author":[{"embeddable":true,"href":"https:\/\/www.apollobeach.gr\/de\/wp-json\/wp\/v2\/users\/1"}],"replies":[{"embeddable":true,"href":"https:\/\/www.apollobeach.gr\/de\/wp-json\/wp\/v2\/comments?post=1932"}],"version-history":[{"count":2,"href":"https:\/\/www.apollobeach.gr\/de\/wp-json\/wp\/v2\/pages\/1932\/revisions"}],"predecessor-version":[{"id":1936,"href":"https:\/\/www.apollobeach.gr\/de\/wp-json\/wp\/v2\/pages\/1932\/revisions\/1936"}],"up":[{"embeddable":true,"href":"https:\/\/www.apollobeach.gr\/de\/wp-json\/wp\/v2\/pages\/1924"}],"wp:featuredmedia":[{"embeddable":true,"href":"https:\/\/www.apollobeach.gr\/de\/wp-json\/wp\/v2\/media\/1934"}],"wp:attachment":[{"href":"https:\/\/www.apollobeach.gr\/de\/wp-json\/wp\/v2\/media?parent=1932"}],"curies":[{"name":"wp","href":"https:\/\/api.w.org\/{rel}","templated":true}]}}