{"id":1924,"date":"2020-02-13T14:38:27","date_gmt":"2020-02-13T11:38:27","guid":{"rendered":"https:\/\/www.apollobeach.gr\/location\/"},"modified":"2020-06-17T13:00:28","modified_gmt":"2020-06-17T10:00:28","slug":"location","status":"publish","type":"page","link":"https:\/\/www.apollobeach.gr\/de\/location\/","title":{"rendered":"Location"},"content":{"rendered":"<p>Rhodos, ein Reiseziel von unverg\u00e4nglicher Sch\u00f6nheit in Griechenland. Auch als Insel der Ritter bekannt, war Rhodos schon seit dem r\u00f6mischen Zeitalter ein bedeutender Anziehungspunkt. Die Heimat des mythischen Kolosses von Rhodos verk\u00f6rpert eine fesselnde Mischung aus byzantinischer, griechischer, venezianischer und t\u00fcrkischer Zivilisation. Mit reizenden Landschaften von nat\u00fcrlicher Sch\u00f6nheit und mit einer reichen, diversen Geschichte, bereiten Sie sich darauf, entz\u00fcckende Burgen, \u00dcberreste von antiken Zivilisationen und lange Sandstr\u00e4nde mit smaragdfarbenem Wasser zu bewundern.<br \/>\nNur 20 Minuten vom Internationalen Flughafen Rhodos und 15 Minuten von der wundersch\u00f6nen mittelalterlichen Altstadt von Rhodos entfernt, befindet sich unser Hotel an einem fantastischen Punkt an der Ostk\u00fcste der Insel.<\/p>\n","protected":false},"excerpt":{"rendered":"<p>Rhodos, ein Reiseziel von unverg\u00e4nglicher Sch\u00f6nheit in Griechenland. Auch als Insel der Ritter bekannt, war Rhodos schon seit dem r\u00f6mischen Zeitalter ein bedeutender Anziehungspunkt. Die<\/p>\n","protected":false},"author":2,"featured_media":1925,"parent":0,"menu_order":0,"comment_status":"closed","ping_status":"closed","template":"page-templates\/simple-list.php","meta":{"_acf_changed":false,"footnotes":""},"class_list":["post-1924","page","type-page","status-publish","has-post-thumbnail","hentry"],"acf":[],"yoast_head":"<!-- This site is optimized with the Yoast SEO plugin v27.3 - https:\/\/yoast.com\/product\/yoast-seo-wordpress\/ -->\n<title>Location - Apollo Beach Hotel<\/title>\n<meta name=\"robots\" content=\"index, follow, max-snippet:-1, max-image-preview:large, max-video-preview:-1\" \/>\n<link rel=\"canonical\" href=\"https:\/\/www.apollobeach.gr\/de\/location\/\" \/>\n<meta property=\"og:locale\" content=\"de_DE\" \/>\n<meta property=\"og:type\" content=\"article\" \/>\n<meta property=\"og:title\" content=\"Location - Apollo Beach Hotel\" \/>\n<meta property=\"og:description\" content=\"Rhodos, ein Reiseziel von unverg\u00e4nglicher Sch\u00f6nheit in Griechenland. Auch als Insel der Ritter bekannt, war Rhodos schon seit dem r\u00f6mischen Zeitalter ein bedeutender Anziehungspunkt. Die\" \/>\n<meta property=\"og:url\" content=\"https:\/\/www.apollobeach.gr\/de\/location\/\" \/>\n<meta property=\"og:site_name\" content=\"Apollo Beach Hotel\" \/>\n<meta property=\"article:modified_time\" content=\"2020-06-17T10:00:28+00:00\" \/>\n<meta property=\"og:image\" content=\"https:\/\/www.apollobeach.gr\/app\/uploads\/sites\/51\/2020\/05\/blanche-peulot-b7yfakJdDiA-unsplash-scaled.jpg\" \/>\n\t<meta property=\"og:image:width\" content=\"2560\" \/>\n\t<meta property=\"og:image:height\" content=\"1438\" \/>\n\t<meta property=\"og:image:type\" content=\"image\/jpeg\" \/>\n<meta name=\"twitter:card\" content=\"summary_large_image\" \/>\n<meta name=\"twitter:label1\" content=\"Gesch\u00e4tzte Lesezeit\" \/>\n\t<meta name=\"twitter:data1\" content=\"1\u00a0Minute\" \/>\n<script type=\"application\/ld+json\" class=\"yoast-schema-graph\">{\"@context\":\"https:\\\/\\\/schema.org\",\"@graph\":[{\"@type\":\"WebPage\",\"@id\":\"https:\\\/\\\/www.apollobeach.gr\\\/de\\\/location\\\/\",\"url\":\"https:\\\/\\\/www.apollobeach.gr\\\/de\\\/location\\\/\",\"name\":\"Location - Apollo Beach Hotel\",\"isPartOf\":{\"@id\":\"https:\\\/\\\/www.apollobeach.gr\\\/de\\\/#website\"},\"primaryImageOfPage\":{\"@id\":\"https:\\\/\\\/www.apollobeach.gr\\\/de\\\/location\\\/#primaryimage\"},\"image\":{\"@id\":\"https:\\\/\\\/www.apollobeach.gr\\\/de\\\/location\\\/#primaryimage\"},\"thumbnailUrl\":\"https:\\\/\\\/www.apollobeach.gr\\\/app\\\/uploads\\\/sites\\\/51\\\/2020\\\/05\\\/blanche-peulot-b7yfakJdDiA-unsplash-scaled.jpg\",\"datePublished\":\"2020-02-13T11:38:27+00:00\",\"dateModified\":\"2020-06-17T10:00:28+00:00\",\"breadcrumb\":{\"@id\":\"https:\\\/\\\/www.apollobeach.gr\\\/de\\\/location\\\/#breadcrumb\"},\"inLanguage\":\"de\",\"potentialAction\":[{\"@type\":\"ReadAction\",\"target\":[\"https:\\\/\\\/www.apollobeach.gr\\\/de\\\/location\\\/\"]}]},{\"@type\":\"ImageObject\",\"inLanguage\":\"de\",\"@id\":\"https:\\\/\\\/www.apollobeach.gr\\\/de\\\/location\\\/#primaryimage\",\"url\":\"https:\\\/\\\/www.apollobeach.gr\\\/app\\\/uploads\\\/sites\\\/51\\\/2020\\\/05\\\/blanche-peulot-b7yfakJdDiA-unsplash-scaled.jpg\",\"contentUrl\":\"https:\\\/\\\/www.apollobeach.gr\\\/app\\\/uploads\\\/sites\\\/51\\\/2020\\\/05\\\/blanche-peulot-b7yfakJdDiA-unsplash-scaled.jpg\",\"width\":2560,\"height\":1438},{\"@type\":\"BreadcrumbList\",\"@id\":\"https:\\\/\\\/www.apollobeach.gr\\\/de\\\/location\\\/#breadcrumb\",\"itemListElement\":[{\"@type\":\"ListItem\",\"position\":1,\"name\":\"Home\",\"item\":\"https:\\\/\\\/www.apollobeach.gr\\\/de\\\/\"},{\"@type\":\"ListItem\",\"position\":2,\"name\":\"Location\"}]},{\"@type\":\"WebSite\",\"@id\":\"https:\\\/\\\/www.apollobeach.gr\\\/de\\\/#website\",\"url\":\"https:\\\/\\\/www.apollobeach.gr\\\/de\\\/\",\"name\":\"Apollo Beach Hotel\",\"description\":\"Apollo Beach Hotel\",\"potentialAction\":[{\"@type\":\"SearchAction\",\"target\":{\"@type\":\"EntryPoint\",\"urlTemplate\":\"https:\\\/\\\/www.apollobeach.gr\\\/de\\\/?s={search_term_string}\"},\"query-input\":{\"@type\":\"PropertyValueSpecification\",\"valueRequired\":true,\"valueName\":\"search_term_string\"}}],\"inLanguage\":\"de\"}]}<\/script>\n<!-- \/ Yoast SEO plugin. -->","yoast_head_json":{"title":"Location - Apollo Beach Hotel","robots":{"index":"index","follow":"follow","max-snippet":"max-snippet:-1","max-image-preview":"max-image-preview:large","max-video-preview":"max-video-preview:-1"},"canonical":"https:\/\/www.apollobeach.gr\/de\/location\/","og_locale":"de_DE","og_type":"article","og_title":"Location - Apollo Beach Hotel","og_description":"Rhodos, ein Reiseziel von unverg\u00e4nglicher Sch\u00f6nheit in Griechenland. Auch als Insel der Ritter bekannt, war Rhodos schon seit dem r\u00f6mischen Zeitalter ein bedeutender Anziehungspunkt. Die","og_url":"https:\/\/www.apollobeach.gr\/de\/location\/","og_site_name":"Apollo Beach Hotel","article_modified_time":"2020-06-17T10:00:28+00:00","og_image":[{"width":2560,"height":1438,"url":"https:\/\/www.apollobeach.gr\/app\/uploads\/sites\/51\/2020\/05\/blanche-peulot-b7yfakJdDiA-unsplash-scaled.jpg","type":"image\/jpeg"}],"twitter_card":"summary_large_image","twitter_misc":{"Gesch\u00e4tzte Lesezeit":"1\u00a0Minute"},"schema":{"@context":"https:\/\/schema.org","@graph":[{"@type":"WebPage","@id":"https:\/\/www.apollobeach.gr\/de\/location\/","url":"https:\/\/www.apollobeach.gr\/de\/location\/","name":"Location - Apollo Beach Hotel","isPartOf":{"@id":"https:\/\/www.apollobeach.gr\/de\/#website"},"primaryImageOfPage":{"@id":"https:\/\/www.apollobeach.gr\/de\/location\/#primaryimage"},"image":{"@id":"https:\/\/www.apollobeach.gr\/de\/location\/#primaryimage"},"thumbnailUrl":"https:\/\/www.apollobeach.gr\/app\/uploads\/sites\/51\/2020\/05\/blanche-peulot-b7yfakJdDiA-unsplash-scaled.jpg","datePublished":"2020-02-13T11:38:27+00:00","dateModified":"2020-06-17T10:00:28+00:00","breadcrumb":{"@id":"https:\/\/www.apollobeach.gr\/de\/location\/#breadcrumb"},"inLanguage":"de","potentialAction":[{"@type":"ReadAction","target":["https:\/\/www.apollobeach.gr\/de\/location\/"]}]},{"@type":"ImageObject","inLanguage":"de","@id":"https:\/\/www.apollobeach.gr\/de\/location\/#primaryimage","url":"https:\/\/www.apollobeach.gr\/app\/uploads\/sites\/51\/2020\/05\/blanche-peulot-b7yfakJdDiA-unsplash-scaled.jpg","contentUrl":"https:\/\/www.apollobeach.gr\/app\/uploads\/sites\/51\/2020\/05\/blanche-peulot-b7yfakJdDiA-unsplash-scaled.jpg","width":2560,"height":1438},{"@type":"BreadcrumbList","@id":"https:\/\/www.apollobeach.gr\/de\/location\/#breadcrumb","itemListElement":[{"@type":"ListItem","position":1,"name":"Home","item":"https:\/\/www.apollobeach.gr\/de\/"},{"@type":"ListItem","position":2,"name":"Location"}]},{"@type":"WebSite","@id":"https:\/\/www.apollobeach.gr\/de\/#website","url":"https:\/\/www.apollobeach.gr\/de\/","name":"Apollo Beach Hotel","description":"Apollo Beach Hotel","potentialAction":[{"@type":"SearchAction","target":{"@type":"EntryPoint","urlTemplate":"https:\/\/www.apollobeach.gr\/de\/?s={search_term_string}"},"query-input":{"@type":"PropertyValueSpecification","valueRequired":true,"valueName":"search_term_string"}}],"inLanguage":"de"}]}},"_links":{"self":[{"href":"https:\/\/www.apollobeach.gr\/de\/wp-json\/wp\/v2\/pages\/1924","targetHints":{"allow":["GET"]}}],"collection":[{"href":"https:\/\/www.apollobeach.gr\/de\/wp-json\/wp\/v2\/pages"}],"about":[{"href":"https:\/\/www.apollobeach.gr\/de\/wp-json\/wp\/v2\/types\/page"}],"author":[{"embeddable":true,"href":"https:\/\/www.apollobeach.gr\/de\/wp-json\/wp\/v2\/users\/2"}],"replies":[{"embeddable":true,"href":"https:\/\/www.apollobeach.gr\/de\/wp-json\/wp\/v2\/comments?post=1924"}],"version-history":[{"count":2,"href":"https:\/\/www.apollobeach.gr\/de\/wp-json\/wp\/v2\/pages\/1924\/revisions"}],"predecessor-version":[{"id":1927,"href":"https:\/\/www.apollobeach.gr\/de\/wp-json\/wp\/v2\/pages\/1924\/revisions\/1927"}],"wp:featuredmedia":[{"embeddable":true,"href":"https:\/\/www.apollobeach.gr\/de\/wp-json\/wp\/v2\/media\/1925"}],"wp:attachment":[{"href":"https:\/\/www.apollobeach.gr\/de\/wp-json\/wp\/v2\/media?parent=1924"}],"curies":[{"name":"wp","href":"https:\/\/api.w.org\/{rel}","templated":true}]}}