{"id":1911,"date":"2020-02-13T14:38:27","date_gmt":"2020-02-13T11:38:27","guid":{"rendered":"https:\/\/www.apollobeach.gr\/flavours-more\/light-meals\/"},"modified":"2020-06-17T11:40:52","modified_gmt":"2020-06-17T08:40:52","slug":"light-meals","status":"publish","type":"page","link":"https:\/\/www.apollobeach.gr\/de\/flavours-more\/light-meals\/","title":{"rendered":"Leichte Gerichte"},"content":{"rendered":"<p>Hat die Sonne und das Meer Ihren Appetit angeregt? Kann sein! Unsere Taverna am Pool serviert sensationelle leichte Gerichte zu Mittag, w\u00e4hrend der Snack Corner auf dem Vorhof dazu da ist, um alle Ihre Knabber-Bed\u00fcrfnisse zu befriedigen. Dies ist Ihr Ort, um frische Salate und Sandwiches, Eis, Fruchts\u00e4fte und viele andere leckere Optionen zu genie\u00dfen, da unsere Taverna und Snack Corner daf\u00fcr sorgen werden, dass Sie nie hungrig werden.<\/p>\n<p>Hier veranstalten wir auch Themenabende. F\u00fcr die Teilnahme am Spa\u00df ist eine Buchung erforderlich, reservieren Sie also so fr\u00fch wie m\u00f6glich Ihren Platz.<\/p>\n","protected":false},"excerpt":{"rendered":"<p>Hat die Sonne und das Meer Ihren Appetit angeregt? Kann sein! Unsere Taverna am Pool serviert sensationelle leichte Gerichte zu Mittag, w\u00e4hrend der Snack Corner<\/p>\n","protected":false},"author":2,"featured_media":1912,"parent":1903,"menu_order":0,"comment_status":"closed","ping_status":"closed","template":"","meta":{"_acf_changed":false,"footnotes":""},"class_list":["post-1911","page","type-page","status-publish","has-post-thumbnail","hentry"],"acf":[],"yoast_head":"<!-- This site is optimized with the Yoast SEO plugin v27.3 - https:\/\/yoast.com\/product\/yoast-seo-wordpress\/ -->\n<title>Leichte Gerichte - Apollo Beach Hotel<\/title>\n<meta name=\"robots\" content=\"index, follow, max-snippet:-1, max-image-preview:large, max-video-preview:-1\" \/>\n<link rel=\"canonical\" href=\"https:\/\/www.apollobeach.gr\/de\/flavours-more\/light-meals\/\" \/>\n<meta property=\"og:locale\" content=\"de_DE\" \/>\n<meta property=\"og:type\" content=\"article\" \/>\n<meta property=\"og:title\" content=\"Leichte Gerichte - Apollo Beach Hotel\" \/>\n<meta property=\"og:description\" content=\"Hat die Sonne und das Meer Ihren Appetit angeregt? Kann sein! Unsere Taverna am Pool serviert sensationelle leichte Gerichte zu Mittag, w\u00e4hrend der Snack Corner\" \/>\n<meta property=\"og:url\" content=\"https:\/\/www.apollobeach.gr\/de\/flavours-more\/light-meals\/\" \/>\n<meta property=\"og:site_name\" content=\"Apollo Beach Hotel\" \/>\n<meta property=\"article:modified_time\" content=\"2020-06-17T08:40:52+00:00\" \/>\n<meta property=\"og:image\" content=\"https:\/\/www.apollobeach.gr\/app\/uploads\/sites\/51\/2020\/05\/dsc00291_resized.jpg\" \/>\n\t<meta property=\"og:image:width\" content=\"1747\" \/>\n\t<meta property=\"og:image:height\" content=\"1200\" \/>\n\t<meta property=\"og:image:type\" content=\"image\/jpeg\" \/>\n<meta name=\"twitter:card\" content=\"summary_large_image\" \/>\n<meta name=\"twitter:label1\" content=\"Gesch\u00e4tzte Lesezeit\" \/>\n\t<meta name=\"twitter:data1\" content=\"1\u00a0Minute\" \/>\n<script type=\"application\/ld+json\" class=\"yoast-schema-graph\">{\"@context\":\"https:\\\/\\\/schema.org\",\"@graph\":[{\"@type\":\"WebPage\",\"@id\":\"https:\\\/\\\/www.apollobeach.gr\\\/de\\\/flavours-more\\\/light-meals\\\/\",\"url\":\"https:\\\/\\\/www.apollobeach.gr\\\/de\\\/flavours-more\\\/light-meals\\\/\",\"name\":\"Leichte Gerichte - Apollo Beach Hotel\",\"isPartOf\":{\"@id\":\"https:\\\/\\\/www.apollobeach.gr\\\/de\\\/#website\"},\"primaryImageOfPage\":{\"@id\":\"https:\\\/\\\/www.apollobeach.gr\\\/de\\\/flavours-more\\\/light-meals\\\/#primaryimage\"},\"image\":{\"@id\":\"https:\\\/\\\/www.apollobeach.gr\\\/de\\\/flavours-more\\\/light-meals\\\/#primaryimage\"},\"thumbnailUrl\":\"https:\\\/\\\/www.apollobeach.gr\\\/app\\\/uploads\\\/sites\\\/51\\\/2020\\\/05\\\/dsc00291_resized.jpg\",\"datePublished\":\"2020-02-13T11:38:27+00:00\",\"dateModified\":\"2020-06-17T08:40:52+00:00\",\"breadcrumb\":{\"@id\":\"https:\\\/\\\/www.apollobeach.gr\\\/de\\\/flavours-more\\\/light-meals\\\/#breadcrumb\"},\"inLanguage\":\"de\",\"potentialAction\":[{\"@type\":\"ReadAction\",\"target\":[\"https:\\\/\\\/www.apollobeach.gr\\\/de\\\/flavours-more\\\/light-meals\\\/\"]}]},{\"@type\":\"ImageObject\",\"inLanguage\":\"de\",\"@id\":\"https:\\\/\\\/www.apollobeach.gr\\\/de\\\/flavours-more\\\/light-meals\\\/#primaryimage\",\"url\":\"https:\\\/\\\/www.apollobeach.gr\\\/app\\\/uploads\\\/sites\\\/51\\\/2020\\\/05\\\/dsc00291_resized.jpg\",\"contentUrl\":\"https:\\\/\\\/www.apollobeach.gr\\\/app\\\/uploads\\\/sites\\\/51\\\/2020\\\/05\\\/dsc00291_resized.jpg\",\"width\":1747,\"height\":1200},{\"@type\":\"BreadcrumbList\",\"@id\":\"https:\\\/\\\/www.apollobeach.gr\\\/de\\\/flavours-more\\\/light-meals\\\/#breadcrumb\",\"itemListElement\":[{\"@type\":\"ListItem\",\"position\":1,\"name\":\"Home\",\"item\":\"https:\\\/\\\/www.apollobeach.gr\\\/de\\\/\"},{\"@type\":\"ListItem\",\"position\":2,\"name\":\"Geschmack &#038; viel mehr\",\"item\":\"https:\\\/\\\/www.apollobeach.gr\\\/de\\\/flavours-more\\\/\"},{\"@type\":\"ListItem\",\"position\":3,\"name\":\"Leichte Gerichte\"}]},{\"@type\":\"WebSite\",\"@id\":\"https:\\\/\\\/www.apollobeach.gr\\\/de\\\/#website\",\"url\":\"https:\\\/\\\/www.apollobeach.gr\\\/de\\\/\",\"name\":\"Apollo Beach Hotel\",\"description\":\"Apollo Beach Hotel\",\"potentialAction\":[{\"@type\":\"SearchAction\",\"target\":{\"@type\":\"EntryPoint\",\"urlTemplate\":\"https:\\\/\\\/www.apollobeach.gr\\\/de\\\/?s={search_term_string}\"},\"query-input\":{\"@type\":\"PropertyValueSpecification\",\"valueRequired\":true,\"valueName\":\"search_term_string\"}}],\"inLanguage\":\"de\"}]}<\/script>\n<!-- \/ Yoast SEO plugin. -->","yoast_head_json":{"title":"Leichte Gerichte - Apollo Beach Hotel","robots":{"index":"index","follow":"follow","max-snippet":"max-snippet:-1","max-image-preview":"max-image-preview:large","max-video-preview":"max-video-preview:-1"},"canonical":"https:\/\/www.apollobeach.gr\/de\/flavours-more\/light-meals\/","og_locale":"de_DE","og_type":"article","og_title":"Leichte Gerichte - Apollo Beach Hotel","og_description":"Hat die Sonne und das Meer Ihren Appetit angeregt? Kann sein! Unsere Taverna am Pool serviert sensationelle leichte Gerichte zu Mittag, w\u00e4hrend der Snack Corner","og_url":"https:\/\/www.apollobeach.gr\/de\/flavours-more\/light-meals\/","og_site_name":"Apollo Beach Hotel","article_modified_time":"2020-06-17T08:40:52+00:00","og_image":[{"width":1747,"height":1200,"url":"https:\/\/www.apollobeach.gr\/app\/uploads\/sites\/51\/2020\/05\/dsc00291_resized.jpg","type":"image\/jpeg"}],"twitter_card":"summary_large_image","twitter_misc":{"Gesch\u00e4tzte Lesezeit":"1\u00a0Minute"},"schema":{"@context":"https:\/\/schema.org","@graph":[{"@type":"WebPage","@id":"https:\/\/www.apollobeach.gr\/de\/flavours-more\/light-meals\/","url":"https:\/\/www.apollobeach.gr\/de\/flavours-more\/light-meals\/","name":"Leichte Gerichte - Apollo Beach Hotel","isPartOf":{"@id":"https:\/\/www.apollobeach.gr\/de\/#website"},"primaryImageOfPage":{"@id":"https:\/\/www.apollobeach.gr\/de\/flavours-more\/light-meals\/#primaryimage"},"image":{"@id":"https:\/\/www.apollobeach.gr\/de\/flavours-more\/light-meals\/#primaryimage"},"thumbnailUrl":"https:\/\/www.apollobeach.gr\/app\/uploads\/sites\/51\/2020\/05\/dsc00291_resized.jpg","datePublished":"2020-02-13T11:38:27+00:00","dateModified":"2020-06-17T08:40:52+00:00","breadcrumb":{"@id":"https:\/\/www.apollobeach.gr\/de\/flavours-more\/light-meals\/#breadcrumb"},"inLanguage":"de","potentialAction":[{"@type":"ReadAction","target":["https:\/\/www.apollobeach.gr\/de\/flavours-more\/light-meals\/"]}]},{"@type":"ImageObject","inLanguage":"de","@id":"https:\/\/www.apollobeach.gr\/de\/flavours-more\/light-meals\/#primaryimage","url":"https:\/\/www.apollobeach.gr\/app\/uploads\/sites\/51\/2020\/05\/dsc00291_resized.jpg","contentUrl":"https:\/\/www.apollobeach.gr\/app\/uploads\/sites\/51\/2020\/05\/dsc00291_resized.jpg","width":1747,"height":1200},{"@type":"BreadcrumbList","@id":"https:\/\/www.apollobeach.gr\/de\/flavours-more\/light-meals\/#breadcrumb","itemListElement":[{"@type":"ListItem","position":1,"name":"Home","item":"https:\/\/www.apollobeach.gr\/de\/"},{"@type":"ListItem","position":2,"name":"Geschmack &#038; viel mehr","item":"https:\/\/www.apollobeach.gr\/de\/flavours-more\/"},{"@type":"ListItem","position":3,"name":"Leichte Gerichte"}]},{"@type":"WebSite","@id":"https:\/\/www.apollobeach.gr\/de\/#website","url":"https:\/\/www.apollobeach.gr\/de\/","name":"Apollo Beach Hotel","description":"Apollo Beach Hotel","potentialAction":[{"@type":"SearchAction","target":{"@type":"EntryPoint","urlTemplate":"https:\/\/www.apollobeach.gr\/de\/?s={search_term_string}"},"query-input":{"@type":"PropertyValueSpecification","valueRequired":true,"valueName":"search_term_string"}}],"inLanguage":"de"}]}},"_links":{"self":[{"href":"https:\/\/www.apollobeach.gr\/de\/wp-json\/wp\/v2\/pages\/1911","targetHints":{"allow":["GET"]}}],"collection":[{"href":"https:\/\/www.apollobeach.gr\/de\/wp-json\/wp\/v2\/pages"}],"about":[{"href":"https:\/\/www.apollobeach.gr\/de\/wp-json\/wp\/v2\/types\/page"}],"author":[{"embeddable":true,"href":"https:\/\/www.apollobeach.gr\/de\/wp-json\/wp\/v2\/users\/2"}],"replies":[{"embeddable":true,"href":"https:\/\/www.apollobeach.gr\/de\/wp-json\/wp\/v2\/comments?post=1911"}],"version-history":[{"count":2,"href":"https:\/\/www.apollobeach.gr\/de\/wp-json\/wp\/v2\/pages\/1911\/revisions"}],"predecessor-version":[{"id":1914,"href":"https:\/\/www.apollobeach.gr\/de\/wp-json\/wp\/v2\/pages\/1911\/revisions\/1914"}],"up":[{"embeddable":true,"href":"https:\/\/www.apollobeach.gr\/de\/wp-json\/wp\/v2\/pages\/1903"}],"wp:featuredmedia":[{"embeddable":true,"href":"https:\/\/www.apollobeach.gr\/de\/wp-json\/wp\/v2\/media\/1912"}],"wp:attachment":[{"href":"https:\/\/www.apollobeach.gr\/de\/wp-json\/wp\/v2\/media?parent=1911"}],"curies":[{"name":"wp","href":"https:\/\/api.w.org\/{rel}","templated":true}]}}