{"id":1907,"date":"2020-02-13T14:38:27","date_gmt":"2020-02-13T11:38:27","guid":{"rendered":"https:\/\/www.apollobeach.gr\/flavours-more\/dining\/"},"modified":"2020-06-17T11:38:42","modified_gmt":"2020-06-17T08:38:42","slug":"dining","status":"publish","type":"page","link":"https:\/\/www.apollobeach.gr\/de\/flavours-more\/dining\/","title":{"rendered":"Esserlebnis"},"content":{"rendered":"<p>Beginnen Sie Ihren Morgen auf die sonnigste Weise \u00fcberhaupt. Unser ger\u00e4umiges Restaurant ist mit Licht \u00fcberflutet und mit einem wunderbaren Gartenblick versehen, was Ihnen eine gro\u00dfartige Kulisse f\u00fcr den Anfang eines spannenden Tages anbietet. Tanken Sie auf mit einem Fr\u00fchst\u00fcck von Ihren Lieblingsaromen und \u2013gerichten, indem Sie aus unserer breiten Auswahl an k\u00f6stlichen und beliebten Leckereien w\u00e4hlen, die bei einem reichhaltigen Fr\u00fchst\u00fccksbuffet bis um 10 Uhr morgens in unserem Hauptspeisesaal serviert werden. Weiterhin verf\u00fcgt unser Buffet auch \u00fcber Show-K\u00fcchenbereiche, wo die Gerichte vor Ort zubereitet und \u00e1 la minute zu Ihrem sofortigen Genuss zubereitet werden.<\/p>\n<p>Was Mittag- und Abendessen betrifft, werden bei unserem Buffet leckere und delizi\u00f6se Gerichte aus der griechischen und der Mittelmeer-K\u00fcche, sowie internationale Alternativen serviert, von denen Sie welche und so viel auch immer gerne ausw\u00e4hlen k\u00f6nnen.<\/p>\n<p>Zu einem Schlaftrank oder einem Kaffee weiter weg von der Sonnenhitze, ist unsere Bar ideal, die sich in der K\u00fchle unserer Innenr\u00e4ume befindet und die perfekte Kulisse f\u00fcr den Genuss, in aller Ruhe, eines frischgemahlenen Kaffees, eines k\u00f6stlichen Cocktails oder eines feinen Weins anbietet.<\/p>\n<p>Wir bieten Ihnen die M\u00f6glichkeit, zwischen Halbpension und All-inclusive bei Ihrer Buchung bei uns zu entscheiden, so dass Sie einen Vorteil von den zuvor vereinbarten Dienstleistungen haben und sich keine Sorgen zu machen brauchen.<\/p>\n","protected":false},"excerpt":{"rendered":"<p>Beginnen Sie Ihren Morgen auf die sonnigste Weise \u00fcberhaupt. Unser ger\u00e4umiges Restaurant ist mit Licht \u00fcberflutet und mit einem wunderbaren Gartenblick versehen, was Ihnen eine<\/p>\n","protected":false},"author":2,"featured_media":1908,"parent":1903,"menu_order":0,"comment_status":"closed","ping_status":"closed","template":"","meta":{"_acf_changed":false,"footnotes":""},"class_list":["post-1907","page","type-page","status-publish","has-post-thumbnail","hentry"],"acf":[],"yoast_head":"<!-- This site is optimized with the Yoast SEO plugin v27.3 - https:\/\/yoast.com\/product\/yoast-seo-wordpress\/ -->\n<title>Esserlebnis - Apollo Beach Hotel<\/title>\n<meta name=\"robots\" content=\"index, follow, max-snippet:-1, max-image-preview:large, max-video-preview:-1\" \/>\n<link rel=\"canonical\" href=\"https:\/\/www.apollobeach.gr\/de\/flavours-more\/dining\/\" \/>\n<meta property=\"og:locale\" content=\"de_DE\" \/>\n<meta property=\"og:type\" content=\"article\" \/>\n<meta property=\"og:title\" content=\"Esserlebnis - Apollo Beach Hotel\" \/>\n<meta property=\"og:description\" content=\"Beginnen Sie Ihren Morgen auf die sonnigste Weise \u00fcberhaupt. Unser ger\u00e4umiges Restaurant ist mit Licht \u00fcberflutet und mit einem wunderbaren Gartenblick versehen, was Ihnen eine\" \/>\n<meta property=\"og:url\" content=\"https:\/\/www.apollobeach.gr\/de\/flavours-more\/dining\/\" \/>\n<meta property=\"og:site_name\" content=\"Apollo Beach Hotel\" \/>\n<meta property=\"article:modified_time\" content=\"2020-06-17T08:38:42+00:00\" \/>\n<meta property=\"og:image\" content=\"https:\/\/www.apollobeach.gr\/app\/uploads\/sites\/51\/2020\/05\/ge_-apolloblue_185_resized.jpg\" \/>\n\t<meta property=\"og:image:width\" content=\"1797\" \/>\n\t<meta property=\"og:image:height\" content=\"1200\" \/>\n\t<meta property=\"og:image:type\" content=\"image\/jpeg\" \/>\n<meta name=\"twitter:card\" content=\"summary_large_image\" \/>\n<meta name=\"twitter:label1\" content=\"Gesch\u00e4tzte Lesezeit\" \/>\n\t<meta name=\"twitter:data1\" content=\"1\u00a0Minute\" \/>\n<script type=\"application\/ld+json\" class=\"yoast-schema-graph\">{\"@context\":\"https:\\\/\\\/schema.org\",\"@graph\":[{\"@type\":\"WebPage\",\"@id\":\"https:\\\/\\\/www.apollobeach.gr\\\/de\\\/flavours-more\\\/dining\\\/\",\"url\":\"https:\\\/\\\/www.apollobeach.gr\\\/de\\\/flavours-more\\\/dining\\\/\",\"name\":\"Esserlebnis - Apollo Beach Hotel\",\"isPartOf\":{\"@id\":\"https:\\\/\\\/www.apollobeach.gr\\\/de\\\/#website\"},\"primaryImageOfPage\":{\"@id\":\"https:\\\/\\\/www.apollobeach.gr\\\/de\\\/flavours-more\\\/dining\\\/#primaryimage\"},\"image\":{\"@id\":\"https:\\\/\\\/www.apollobeach.gr\\\/de\\\/flavours-more\\\/dining\\\/#primaryimage\"},\"thumbnailUrl\":\"https:\\\/\\\/www.apollobeach.gr\\\/app\\\/uploads\\\/sites\\\/51\\\/2020\\\/05\\\/ge_-apolloblue_185_resized.jpg\",\"datePublished\":\"2020-02-13T11:38:27+00:00\",\"dateModified\":\"2020-06-17T08:38:42+00:00\",\"breadcrumb\":{\"@id\":\"https:\\\/\\\/www.apollobeach.gr\\\/de\\\/flavours-more\\\/dining\\\/#breadcrumb\"},\"inLanguage\":\"de\",\"potentialAction\":[{\"@type\":\"ReadAction\",\"target\":[\"https:\\\/\\\/www.apollobeach.gr\\\/de\\\/flavours-more\\\/dining\\\/\"]}]},{\"@type\":\"ImageObject\",\"inLanguage\":\"de\",\"@id\":\"https:\\\/\\\/www.apollobeach.gr\\\/de\\\/flavours-more\\\/dining\\\/#primaryimage\",\"url\":\"https:\\\/\\\/www.apollobeach.gr\\\/app\\\/uploads\\\/sites\\\/51\\\/2020\\\/05\\\/ge_-apolloblue_185_resized.jpg\",\"contentUrl\":\"https:\\\/\\\/www.apollobeach.gr\\\/app\\\/uploads\\\/sites\\\/51\\\/2020\\\/05\\\/ge_-apolloblue_185_resized.jpg\",\"width\":1797,\"height\":1200},{\"@type\":\"BreadcrumbList\",\"@id\":\"https:\\\/\\\/www.apollobeach.gr\\\/de\\\/flavours-more\\\/dining\\\/#breadcrumb\",\"itemListElement\":[{\"@type\":\"ListItem\",\"position\":1,\"name\":\"Home\",\"item\":\"https:\\\/\\\/www.apollobeach.gr\\\/de\\\/\"},{\"@type\":\"ListItem\",\"position\":2,\"name\":\"Geschmack &#038; viel mehr\",\"item\":\"https:\\\/\\\/www.apollobeach.gr\\\/de\\\/flavours-more\\\/\"},{\"@type\":\"ListItem\",\"position\":3,\"name\":\"Esserlebnis\"}]},{\"@type\":\"WebSite\",\"@id\":\"https:\\\/\\\/www.apollobeach.gr\\\/de\\\/#website\",\"url\":\"https:\\\/\\\/www.apollobeach.gr\\\/de\\\/\",\"name\":\"Apollo Beach Hotel\",\"description\":\"Apollo Beach Hotel\",\"potentialAction\":[{\"@type\":\"SearchAction\",\"target\":{\"@type\":\"EntryPoint\",\"urlTemplate\":\"https:\\\/\\\/www.apollobeach.gr\\\/de\\\/?s={search_term_string}\"},\"query-input\":{\"@type\":\"PropertyValueSpecification\",\"valueRequired\":true,\"valueName\":\"search_term_string\"}}],\"inLanguage\":\"de\"}]}<\/script>\n<!-- \/ Yoast SEO plugin. -->","yoast_head_json":{"title":"Esserlebnis - Apollo Beach Hotel","robots":{"index":"index","follow":"follow","max-snippet":"max-snippet:-1","max-image-preview":"max-image-preview:large","max-video-preview":"max-video-preview:-1"},"canonical":"https:\/\/www.apollobeach.gr\/de\/flavours-more\/dining\/","og_locale":"de_DE","og_type":"article","og_title":"Esserlebnis - Apollo Beach Hotel","og_description":"Beginnen Sie Ihren Morgen auf die sonnigste Weise \u00fcberhaupt. Unser ger\u00e4umiges Restaurant ist mit Licht \u00fcberflutet und mit einem wunderbaren Gartenblick versehen, was Ihnen eine","og_url":"https:\/\/www.apollobeach.gr\/de\/flavours-more\/dining\/","og_site_name":"Apollo Beach Hotel","article_modified_time":"2020-06-17T08:38:42+00:00","og_image":[{"width":1797,"height":1200,"url":"https:\/\/www.apollobeach.gr\/app\/uploads\/sites\/51\/2020\/05\/ge_-apolloblue_185_resized.jpg","type":"image\/jpeg"}],"twitter_card":"summary_large_image","twitter_misc":{"Gesch\u00e4tzte Lesezeit":"1\u00a0Minute"},"schema":{"@context":"https:\/\/schema.org","@graph":[{"@type":"WebPage","@id":"https:\/\/www.apollobeach.gr\/de\/flavours-more\/dining\/","url":"https:\/\/www.apollobeach.gr\/de\/flavours-more\/dining\/","name":"Esserlebnis - Apollo Beach Hotel","isPartOf":{"@id":"https:\/\/www.apollobeach.gr\/de\/#website"},"primaryImageOfPage":{"@id":"https:\/\/www.apollobeach.gr\/de\/flavours-more\/dining\/#primaryimage"},"image":{"@id":"https:\/\/www.apollobeach.gr\/de\/flavours-more\/dining\/#primaryimage"},"thumbnailUrl":"https:\/\/www.apollobeach.gr\/app\/uploads\/sites\/51\/2020\/05\/ge_-apolloblue_185_resized.jpg","datePublished":"2020-02-13T11:38:27+00:00","dateModified":"2020-06-17T08:38:42+00:00","breadcrumb":{"@id":"https:\/\/www.apollobeach.gr\/de\/flavours-more\/dining\/#breadcrumb"},"inLanguage":"de","potentialAction":[{"@type":"ReadAction","target":["https:\/\/www.apollobeach.gr\/de\/flavours-more\/dining\/"]}]},{"@type":"ImageObject","inLanguage":"de","@id":"https:\/\/www.apollobeach.gr\/de\/flavours-more\/dining\/#primaryimage","url":"https:\/\/www.apollobeach.gr\/app\/uploads\/sites\/51\/2020\/05\/ge_-apolloblue_185_resized.jpg","contentUrl":"https:\/\/www.apollobeach.gr\/app\/uploads\/sites\/51\/2020\/05\/ge_-apolloblue_185_resized.jpg","width":1797,"height":1200},{"@type":"BreadcrumbList","@id":"https:\/\/www.apollobeach.gr\/de\/flavours-more\/dining\/#breadcrumb","itemListElement":[{"@type":"ListItem","position":1,"name":"Home","item":"https:\/\/www.apollobeach.gr\/de\/"},{"@type":"ListItem","position":2,"name":"Geschmack &#038; viel mehr","item":"https:\/\/www.apollobeach.gr\/de\/flavours-more\/"},{"@type":"ListItem","position":3,"name":"Esserlebnis"}]},{"@type":"WebSite","@id":"https:\/\/www.apollobeach.gr\/de\/#website","url":"https:\/\/www.apollobeach.gr\/de\/","name":"Apollo Beach Hotel","description":"Apollo Beach Hotel","potentialAction":[{"@type":"SearchAction","target":{"@type":"EntryPoint","urlTemplate":"https:\/\/www.apollobeach.gr\/de\/?s={search_term_string}"},"query-input":{"@type":"PropertyValueSpecification","valueRequired":true,"valueName":"search_term_string"}}],"inLanguage":"de"}]}},"_links":{"self":[{"href":"https:\/\/www.apollobeach.gr\/de\/wp-json\/wp\/v2\/pages\/1907","targetHints":{"allow":["GET"]}}],"collection":[{"href":"https:\/\/www.apollobeach.gr\/de\/wp-json\/wp\/v2\/pages"}],"about":[{"href":"https:\/\/www.apollobeach.gr\/de\/wp-json\/wp\/v2\/types\/page"}],"author":[{"embeddable":true,"href":"https:\/\/www.apollobeach.gr\/de\/wp-json\/wp\/v2\/users\/2"}],"replies":[{"embeddable":true,"href":"https:\/\/www.apollobeach.gr\/de\/wp-json\/wp\/v2\/comments?post=1907"}],"version-history":[{"count":2,"href":"https:\/\/www.apollobeach.gr\/de\/wp-json\/wp\/v2\/pages\/1907\/revisions"}],"predecessor-version":[{"id":1910,"href":"https:\/\/www.apollobeach.gr\/de\/wp-json\/wp\/v2\/pages\/1907\/revisions\/1910"}],"up":[{"embeddable":true,"href":"https:\/\/www.apollobeach.gr\/de\/wp-json\/wp\/v2\/pages\/1903"}],"wp:featuredmedia":[{"embeddable":true,"href":"https:\/\/www.apollobeach.gr\/de\/wp-json\/wp\/v2\/media\/1908"}],"wp:attachment":[{"href":"https:\/\/www.apollobeach.gr\/de\/wp-json\/wp\/v2\/media?parent=1907"}],"curies":[{"name":"wp","href":"https:\/\/api.w.org\/{rel}","templated":true}]}}