{"id":1903,"date":"2020-02-13T14:38:27","date_gmt":"2020-02-13T11:38:27","guid":{"rendered":"https:\/\/www.apollobeach.gr\/flavours-more\/"},"modified":"2020-06-17T11:35:18","modified_gmt":"2020-06-17T08:35:18","slug":"flavours-more","status":"publish","type":"page","link":"https:\/\/www.apollobeach.gr\/de\/flavours-more\/","title":{"rendered":"Geschmack &#038; viel mehr"},"content":{"rendered":"<p>Gutes Essen spielt eine entscheidende Rolle bei der Suche nach gutem Leben. Gesunde, ausgewogene Mahlzeiten mit hohem Ern\u00e4hrungswert sind wesentlich f\u00fcr die griechische Identit\u00e4t, und daher ist Essen mit unserer Tradition dicht verwoben. Bei Apollo Beach Hotel streben wir danach, Ihnen die allerbesten Arten von Geschmack und viel mehr anzubieten, indem wir die feinsten lokalen Zutaten verwenden. Neben dem gesetzten Abendessen bieten wir Ihnen die Flexibilit\u00e4t von fr\u00fcherem und Zimmer-Fr\u00fchst\u00fcck, aber auch eingepacktem Mittagessen auf Anfrage an.<\/p>\n","protected":false},"excerpt":{"rendered":"<p>Gutes Essen spielt eine entscheidende Rolle bei der Suche nach gutem Leben. Gesunde, ausgewogene Mahlzeiten mit hohem Ern\u00e4hrungswert sind wesentlich f\u00fcr die griechische Identit\u00e4t, und<\/p>\n","protected":false},"author":2,"featured_media":1904,"parent":0,"menu_order":0,"comment_status":"closed","ping_status":"closed","template":"page-templates\/simple-list.php","meta":{"_acf_changed":false,"footnotes":""},"class_list":["post-1903","page","type-page","status-publish","has-post-thumbnail","hentry"],"acf":[],"yoast_head":"<!-- This site is optimized with the Yoast SEO plugin v27.3 - https:\/\/yoast.com\/product\/yoast-seo-wordpress\/ -->\n<title>Geschmack &amp; viel mehr - Apollo Beach Hotel<\/title>\n<meta name=\"robots\" content=\"index, follow, max-snippet:-1, max-image-preview:large, max-video-preview:-1\" \/>\n<link rel=\"canonical\" href=\"https:\/\/www.apollobeach.gr\/de\/flavours-more\/\" \/>\n<meta property=\"og:locale\" content=\"de_DE\" \/>\n<meta property=\"og:type\" content=\"article\" \/>\n<meta property=\"og:title\" content=\"Geschmack &amp; viel mehr - Apollo Beach Hotel\" \/>\n<meta property=\"og:description\" content=\"Gutes Essen spielt eine entscheidende Rolle bei der Suche nach gutem Leben. Gesunde, ausgewogene Mahlzeiten mit hohem Ern\u00e4hrungswert sind wesentlich f\u00fcr die griechische Identit\u00e4t, und\" \/>\n<meta property=\"og:url\" content=\"https:\/\/www.apollobeach.gr\/de\/flavours-more\/\" \/>\n<meta property=\"og:site_name\" content=\"Apollo Beach Hotel\" \/>\n<meta property=\"article:modified_time\" content=\"2020-06-17T08:35:18+00:00\" \/>\n<meta property=\"og:image\" content=\"https:\/\/www.apollobeach.gr\/app\/uploads\/sites\/51\/2020\/05\/ge_-apolloblue_113_resized.jpg\" \/>\n\t<meta property=\"og:image:width\" content=\"1797\" \/>\n\t<meta property=\"og:image:height\" content=\"1200\" \/>\n\t<meta property=\"og:image:type\" content=\"image\/jpeg\" \/>\n<meta name=\"twitter:card\" content=\"summary_large_image\" \/>\n<script type=\"application\/ld+json\" class=\"yoast-schema-graph\">{\"@context\":\"https:\\\/\\\/schema.org\",\"@graph\":[{\"@type\":\"WebPage\",\"@id\":\"https:\\\/\\\/www.apollobeach.gr\\\/de\\\/flavours-more\\\/\",\"url\":\"https:\\\/\\\/www.apollobeach.gr\\\/de\\\/flavours-more\\\/\",\"name\":\"Geschmack & viel mehr - Apollo Beach Hotel\",\"isPartOf\":{\"@id\":\"https:\\\/\\\/www.apollobeach.gr\\\/de\\\/#website\"},\"primaryImageOfPage\":{\"@id\":\"https:\\\/\\\/www.apollobeach.gr\\\/de\\\/flavours-more\\\/#primaryimage\"},\"image\":{\"@id\":\"https:\\\/\\\/www.apollobeach.gr\\\/de\\\/flavours-more\\\/#primaryimage\"},\"thumbnailUrl\":\"https:\\\/\\\/www.apollobeach.gr\\\/app\\\/uploads\\\/sites\\\/51\\\/2020\\\/05\\\/ge_-apolloblue_113_resized.jpg\",\"datePublished\":\"2020-02-13T11:38:27+00:00\",\"dateModified\":\"2020-06-17T08:35:18+00:00\",\"breadcrumb\":{\"@id\":\"https:\\\/\\\/www.apollobeach.gr\\\/de\\\/flavours-more\\\/#breadcrumb\"},\"inLanguage\":\"de\",\"potentialAction\":[{\"@type\":\"ReadAction\",\"target\":[\"https:\\\/\\\/www.apollobeach.gr\\\/de\\\/flavours-more\\\/\"]}]},{\"@type\":\"ImageObject\",\"inLanguage\":\"de\",\"@id\":\"https:\\\/\\\/www.apollobeach.gr\\\/de\\\/flavours-more\\\/#primaryimage\",\"url\":\"https:\\\/\\\/www.apollobeach.gr\\\/app\\\/uploads\\\/sites\\\/51\\\/2020\\\/05\\\/ge_-apolloblue_113_resized.jpg\",\"contentUrl\":\"https:\\\/\\\/www.apollobeach.gr\\\/app\\\/uploads\\\/sites\\\/51\\\/2020\\\/05\\\/ge_-apolloblue_113_resized.jpg\",\"width\":1797,\"height\":1200},{\"@type\":\"BreadcrumbList\",\"@id\":\"https:\\\/\\\/www.apollobeach.gr\\\/de\\\/flavours-more\\\/#breadcrumb\",\"itemListElement\":[{\"@type\":\"ListItem\",\"position\":1,\"name\":\"Home\",\"item\":\"https:\\\/\\\/www.apollobeach.gr\\\/de\\\/\"},{\"@type\":\"ListItem\",\"position\":2,\"name\":\"Geschmack &#038; viel mehr\"}]},{\"@type\":\"WebSite\",\"@id\":\"https:\\\/\\\/www.apollobeach.gr\\\/de\\\/#website\",\"url\":\"https:\\\/\\\/www.apollobeach.gr\\\/de\\\/\",\"name\":\"Apollo Beach Hotel\",\"description\":\"Apollo Beach Hotel\",\"potentialAction\":[{\"@type\":\"SearchAction\",\"target\":{\"@type\":\"EntryPoint\",\"urlTemplate\":\"https:\\\/\\\/www.apollobeach.gr\\\/de\\\/?s={search_term_string}\"},\"query-input\":{\"@type\":\"PropertyValueSpecification\",\"valueRequired\":true,\"valueName\":\"search_term_string\"}}],\"inLanguage\":\"de\"}]}<\/script>\n<!-- \/ Yoast SEO plugin. -->","yoast_head_json":{"title":"Geschmack & viel mehr - Apollo Beach Hotel","robots":{"index":"index","follow":"follow","max-snippet":"max-snippet:-1","max-image-preview":"max-image-preview:large","max-video-preview":"max-video-preview:-1"},"canonical":"https:\/\/www.apollobeach.gr\/de\/flavours-more\/","og_locale":"de_DE","og_type":"article","og_title":"Geschmack & viel mehr - Apollo Beach Hotel","og_description":"Gutes Essen spielt eine entscheidende Rolle bei der Suche nach gutem Leben. Gesunde, ausgewogene Mahlzeiten mit hohem Ern\u00e4hrungswert sind wesentlich f\u00fcr die griechische Identit\u00e4t, und","og_url":"https:\/\/www.apollobeach.gr\/de\/flavours-more\/","og_site_name":"Apollo Beach Hotel","article_modified_time":"2020-06-17T08:35:18+00:00","og_image":[{"width":1797,"height":1200,"url":"https:\/\/www.apollobeach.gr\/app\/uploads\/sites\/51\/2020\/05\/ge_-apolloblue_113_resized.jpg","type":"image\/jpeg"}],"twitter_card":"summary_large_image","schema":{"@context":"https:\/\/schema.org","@graph":[{"@type":"WebPage","@id":"https:\/\/www.apollobeach.gr\/de\/flavours-more\/","url":"https:\/\/www.apollobeach.gr\/de\/flavours-more\/","name":"Geschmack & viel mehr - Apollo Beach Hotel","isPartOf":{"@id":"https:\/\/www.apollobeach.gr\/de\/#website"},"primaryImageOfPage":{"@id":"https:\/\/www.apollobeach.gr\/de\/flavours-more\/#primaryimage"},"image":{"@id":"https:\/\/www.apollobeach.gr\/de\/flavours-more\/#primaryimage"},"thumbnailUrl":"https:\/\/www.apollobeach.gr\/app\/uploads\/sites\/51\/2020\/05\/ge_-apolloblue_113_resized.jpg","datePublished":"2020-02-13T11:38:27+00:00","dateModified":"2020-06-17T08:35:18+00:00","breadcrumb":{"@id":"https:\/\/www.apollobeach.gr\/de\/flavours-more\/#breadcrumb"},"inLanguage":"de","potentialAction":[{"@type":"ReadAction","target":["https:\/\/www.apollobeach.gr\/de\/flavours-more\/"]}]},{"@type":"ImageObject","inLanguage":"de","@id":"https:\/\/www.apollobeach.gr\/de\/flavours-more\/#primaryimage","url":"https:\/\/www.apollobeach.gr\/app\/uploads\/sites\/51\/2020\/05\/ge_-apolloblue_113_resized.jpg","contentUrl":"https:\/\/www.apollobeach.gr\/app\/uploads\/sites\/51\/2020\/05\/ge_-apolloblue_113_resized.jpg","width":1797,"height":1200},{"@type":"BreadcrumbList","@id":"https:\/\/www.apollobeach.gr\/de\/flavours-more\/#breadcrumb","itemListElement":[{"@type":"ListItem","position":1,"name":"Home","item":"https:\/\/www.apollobeach.gr\/de\/"},{"@type":"ListItem","position":2,"name":"Geschmack &#038; viel mehr"}]},{"@type":"WebSite","@id":"https:\/\/www.apollobeach.gr\/de\/#website","url":"https:\/\/www.apollobeach.gr\/de\/","name":"Apollo Beach Hotel","description":"Apollo Beach Hotel","potentialAction":[{"@type":"SearchAction","target":{"@type":"EntryPoint","urlTemplate":"https:\/\/www.apollobeach.gr\/de\/?s={search_term_string}"},"query-input":{"@type":"PropertyValueSpecification","valueRequired":true,"valueName":"search_term_string"}}],"inLanguage":"de"}]}},"_links":{"self":[{"href":"https:\/\/www.apollobeach.gr\/de\/wp-json\/wp\/v2\/pages\/1903","targetHints":{"allow":["GET"]}}],"collection":[{"href":"https:\/\/www.apollobeach.gr\/de\/wp-json\/wp\/v2\/pages"}],"about":[{"href":"https:\/\/www.apollobeach.gr\/de\/wp-json\/wp\/v2\/types\/page"}],"author":[{"embeddable":true,"href":"https:\/\/www.apollobeach.gr\/de\/wp-json\/wp\/v2\/users\/2"}],"replies":[{"embeddable":true,"href":"https:\/\/www.apollobeach.gr\/de\/wp-json\/wp\/v2\/comments?post=1903"}],"version-history":[{"count":2,"href":"https:\/\/www.apollobeach.gr\/de\/wp-json\/wp\/v2\/pages\/1903\/revisions"}],"predecessor-version":[{"id":1906,"href":"https:\/\/www.apollobeach.gr\/de\/wp-json\/wp\/v2\/pages\/1903\/revisions\/1906"}],"wp:featuredmedia":[{"embeddable":true,"href":"https:\/\/www.apollobeach.gr\/de\/wp-json\/wp\/v2\/media\/1904"}],"wp:attachment":[{"href":"https:\/\/www.apollobeach.gr\/de\/wp-json\/wp\/v2\/media?parent=1903"}],"curies":[{"name":"wp","href":"https:\/\/api.w.org\/{rel}","templated":true}]}}