{"id":1884,"date":"2020-02-13T14:38:27","date_gmt":"2020-02-13T11:38:27","guid":{"rendered":"https:\/\/www.apollobeach.gr\/accommodation\/"},"modified":"2020-06-16T17:23:23","modified_gmt":"2020-06-16T14:23:23","slug":"accommodation","status":"publish","type":"page","link":"https:\/\/www.apollobeach.gr\/de\/accommodation\/","title":{"rendered":"Unterkunft"},"content":{"rendered":"<p>Meeresblicke f\u00fcllen unsere hellen Innenr\u00e4ume und inspirieren Sie tagein, tagaus. Hier k\u00f6nnen Sie erwarten, v\u00f6llig erholt und bereit, den Tag zu ergreifen, aufzuwachen. Wir haben unsere bezaubernde Strandlage in vollem Umfang genutzt, indem wir das Gel\u00e4nde so gestaltet haben, dass der Meeresblick als eine nat\u00fcrliche Erweiterung des \u00c4u\u00dferen unserer Zimmer wahrgenommen wird. W\u00e4hlen Sie aus unserem Angebot an Unterkunftsm\u00f6glichkeiten, die alle einen direkten oder teilweisen Meeresblick anbieten und Ihren Geist mit sonnigen, lebenslang unvergesslichen Bildern f\u00fcllen.<\/p>\n","protected":false},"excerpt":{"rendered":"<p>Meeresblicke f\u00fcllen unsere hellen Innenr\u00e4ume und inspirieren Sie tagein, tagaus. Hier k\u00f6nnen Sie erwarten, v\u00f6llig erholt und bereit, den Tag zu ergreifen, aufzuwachen. Wir haben<\/p>\n","protected":false},"author":2,"featured_media":0,"parent":0,"menu_order":0,"comment_status":"closed","ping_status":"closed","template":"page-templates\/simple-list.php","meta":{"_acf_changed":false,"footnotes":""},"class_list":["post-1884","page","type-page","status-publish","hentry"],"acf":[],"yoast_head":"<!-- This site is optimized with the Yoast SEO plugin v27.5 - https:\/\/yoast.com\/product\/yoast-seo-wordpress\/ -->\n<title>Unterkunft - Apollo Beach Hotel<\/title>\n<meta name=\"robots\" content=\"index, follow, max-snippet:-1, max-image-preview:large, max-video-preview:-1\" \/>\n<link rel=\"canonical\" href=\"https:\/\/www.apollobeach.gr\/de\/accommodation\/\" \/>\n<meta property=\"og:locale\" content=\"de_DE\" \/>\n<meta property=\"og:type\" content=\"article\" \/>\n<meta property=\"og:title\" content=\"Unterkunft - Apollo Beach Hotel\" \/>\n<meta property=\"og:description\" content=\"Meeresblicke f\u00fcllen unsere hellen Innenr\u00e4ume und inspirieren Sie tagein, tagaus. Hier k\u00f6nnen Sie erwarten, v\u00f6llig erholt und bereit, den Tag zu ergreifen, aufzuwachen. Wir haben\" \/>\n<meta property=\"og:url\" content=\"https:\/\/www.apollobeach.gr\/de\/accommodation\/\" \/>\n<meta property=\"og:site_name\" content=\"Apollo Beach Hotel\" \/>\n<meta property=\"article:modified_time\" content=\"2020-06-16T14:23:23+00:00\" \/>\n<meta name=\"twitter:card\" content=\"summary_large_image\" \/>\n<script type=\"application\/ld+json\" class=\"yoast-schema-graph\">{\"@context\":\"https:\\\/\\\/schema.org\",\"@graph\":[{\"@type\":\"WebPage\",\"@id\":\"https:\\\/\\\/www.apollobeach.gr\\\/de\\\/accommodation\\\/\",\"url\":\"https:\\\/\\\/www.apollobeach.gr\\\/de\\\/accommodation\\\/\",\"name\":\"Unterkunft - Apollo Beach Hotel\",\"isPartOf\":{\"@id\":\"https:\\\/\\\/www.apollobeach.gr\\\/de\\\/#website\"},\"datePublished\":\"2020-02-13T11:38:27+00:00\",\"dateModified\":\"2020-06-16T14:23:23+00:00\",\"breadcrumb\":{\"@id\":\"https:\\\/\\\/www.apollobeach.gr\\\/de\\\/accommodation\\\/#breadcrumb\"},\"inLanguage\":\"de\",\"potentialAction\":[{\"@type\":\"ReadAction\",\"target\":[\"https:\\\/\\\/www.apollobeach.gr\\\/de\\\/accommodation\\\/\"]}]},{\"@type\":\"BreadcrumbList\",\"@id\":\"https:\\\/\\\/www.apollobeach.gr\\\/de\\\/accommodation\\\/#breadcrumb\",\"itemListElement\":[{\"@type\":\"ListItem\",\"position\":1,\"name\":\"Home\",\"item\":\"https:\\\/\\\/www.apollobeach.gr\\\/de\\\/\"},{\"@type\":\"ListItem\",\"position\":2,\"name\":\"Unterkunft\"}]},{\"@type\":\"WebSite\",\"@id\":\"https:\\\/\\\/www.apollobeach.gr\\\/de\\\/#website\",\"url\":\"https:\\\/\\\/www.apollobeach.gr\\\/de\\\/\",\"name\":\"Apollo Beach Hotel\",\"description\":\"Apollo Beach Hotel\",\"potentialAction\":[{\"@type\":\"SearchAction\",\"target\":{\"@type\":\"EntryPoint\",\"urlTemplate\":\"https:\\\/\\\/www.apollobeach.gr\\\/de\\\/?s={search_term_string}\"},\"query-input\":{\"@type\":\"PropertyValueSpecification\",\"valueRequired\":true,\"valueName\":\"search_term_string\"}}],\"inLanguage\":\"de\"}]}<\/script>\n<!-- \/ Yoast SEO plugin. -->","yoast_head_json":{"title":"Unterkunft - Apollo Beach Hotel","robots":{"index":"index","follow":"follow","max-snippet":"max-snippet:-1","max-image-preview":"max-image-preview:large","max-video-preview":"max-video-preview:-1"},"canonical":"https:\/\/www.apollobeach.gr\/de\/accommodation\/","og_locale":"de_DE","og_type":"article","og_title":"Unterkunft - Apollo Beach Hotel","og_description":"Meeresblicke f\u00fcllen unsere hellen Innenr\u00e4ume und inspirieren Sie tagein, tagaus. Hier k\u00f6nnen Sie erwarten, v\u00f6llig erholt und bereit, den Tag zu ergreifen, aufzuwachen. Wir haben","og_url":"https:\/\/www.apollobeach.gr\/de\/accommodation\/","og_site_name":"Apollo Beach Hotel","article_modified_time":"2020-06-16T14:23:23+00:00","twitter_card":"summary_large_image","schema":{"@context":"https:\/\/schema.org","@graph":[{"@type":"WebPage","@id":"https:\/\/www.apollobeach.gr\/de\/accommodation\/","url":"https:\/\/www.apollobeach.gr\/de\/accommodation\/","name":"Unterkunft - Apollo Beach Hotel","isPartOf":{"@id":"https:\/\/www.apollobeach.gr\/de\/#website"},"datePublished":"2020-02-13T11:38:27+00:00","dateModified":"2020-06-16T14:23:23+00:00","breadcrumb":{"@id":"https:\/\/www.apollobeach.gr\/de\/accommodation\/#breadcrumb"},"inLanguage":"de","potentialAction":[{"@type":"ReadAction","target":["https:\/\/www.apollobeach.gr\/de\/accommodation\/"]}]},{"@type":"BreadcrumbList","@id":"https:\/\/www.apollobeach.gr\/de\/accommodation\/#breadcrumb","itemListElement":[{"@type":"ListItem","position":1,"name":"Home","item":"https:\/\/www.apollobeach.gr\/de\/"},{"@type":"ListItem","position":2,"name":"Unterkunft"}]},{"@type":"WebSite","@id":"https:\/\/www.apollobeach.gr\/de\/#website","url":"https:\/\/www.apollobeach.gr\/de\/","name":"Apollo Beach Hotel","description":"Apollo Beach Hotel","potentialAction":[{"@type":"SearchAction","target":{"@type":"EntryPoint","urlTemplate":"https:\/\/www.apollobeach.gr\/de\/?s={search_term_string}"},"query-input":{"@type":"PropertyValueSpecification","valueRequired":true,"valueName":"search_term_string"}}],"inLanguage":"de"}]}},"_links":{"self":[{"href":"https:\/\/www.apollobeach.gr\/de\/wp-json\/wp\/v2\/pages\/1884","targetHints":{"allow":["GET"]}}],"collection":[{"href":"https:\/\/www.apollobeach.gr\/de\/wp-json\/wp\/v2\/pages"}],"about":[{"href":"https:\/\/www.apollobeach.gr\/de\/wp-json\/wp\/v2\/types\/page"}],"author":[{"embeddable":true,"href":"https:\/\/www.apollobeach.gr\/de\/wp-json\/wp\/v2\/users\/2"}],"replies":[{"embeddable":true,"href":"https:\/\/www.apollobeach.gr\/de\/wp-json\/wp\/v2\/comments?post=1884"}],"version-history":[{"count":2,"href":"https:\/\/www.apollobeach.gr\/de\/wp-json\/wp\/v2\/pages\/1884\/revisions"}],"predecessor-version":[{"id":1886,"href":"https:\/\/www.apollobeach.gr\/de\/wp-json\/wp\/v2\/pages\/1884\/revisions\/1886"}],"wp:attachment":[{"href":"https:\/\/www.apollobeach.gr\/de\/wp-json\/wp\/v2\/media?parent=1884"}],"curies":[{"name":"wp","href":"https:\/\/api.w.org\/{rel}","templated":true}]}}